{"id":1345,"date":"2020-04-12T12:58:14","date_gmt":"2020-04-12T12:58:14","guid":{"rendered":"http:\/\/www.sanin.md\/about-us-1\/"},"modified":"2021-07-02T11:21:21","modified_gmt":"2021-07-02T08:21:21","slug":"despre-noi","status":"publish","type":"page","link":"https:\/\/www.sanin.md\/ro\/despre-noi\/","title":{"rendered":"Despre noi"},"content":{"rendered":"\t\t<div data-elementor-type=\"wp-page\" data-elementor-id=\"1345\" class=\"elementor elementor-1345\" data-elementor-settings=\"[]\">\n\t\t\t\t\t\t<div class=\"elementor-inner\">\n\t\t\t\t\t\t\t<div class=\"elementor-section-wrap\">\n\t\t\t\t\t\t\t<section class=\"elementor-section elementor-top-section elementor-element elementor-element-62aa013 elementor-section-boxed elementor-section-height-default elementor-section-height-default\" data-id=\"62aa013\" data-element_type=\"section\">\n\t\t\t\t\t\t<div class=\"elementor-container elementor-column-gap-default\">\n\t\t\t\t\t\t\t<div class=\"elementor-row\">\n\t\t\t\t\t<div class=\"elementor-column elementor-col-100 elementor-top-column elementor-element elementor-element-48332c3\" data-id=\"48332c3\" data-element_type=\"column\">\n\t\t\t<div class=\"elementor-column-wrap elementor-element-populated\">\n\t\t\t\t\t\t\t<div class=\"elementor-widget-wrap\">\n\t\t\t\t\t\t<div class=\"elementor-element elementor-element-56b468f elementor-widget elementor-widget-welcome-section\" data-id=\"56b468f\" data-element_type=\"widget\" data-widget_type=\"welcome-section.default\">\n\t\t\t\t<div class=\"elementor-widget-container\">\n\t\t\t\t\t\t<div class=\"container\">\n\t\t\t\t<div class=\"row\">\n\t\t\t\t\t<div class=\"col-lg-6 col-md-12\">\n\t\t\t\t\t\t<div class=\"img-colarge\">\n\t\t\t\t\t\t\t<div class=\"colarge-1\">\n\t\t\t\t\t\t\t\t<img src=\"http:\/\/www.sanin.md\/wp-content\/uploads\/2021\/04\/1-3.jpg\" alt=\"img\" class=\"slide-righ\">\n\t\t\t\t\t\t\t<\/div>\n\t\t\t\t\t\t\t<div class=\"since-year-outer\">\n\t\t\t\t\t\t\t\t<div class=\"since-year\">\n\t\t\t\t\t\t\t\t\t\t\t\t\t\t\t\t\t\t\t<span>Performanta <\/span>\n\t\t\t\t\t\t\t\t\t\t\t\t\t\t\t\t\t\t\t\t\t\t\t\t\t\t\t\t\t<strong>si fiabilitate<\/strong>\n\t\t\t\t\t\t\t\t\t\t\t\t\t\t\t\t\t\t\t\n\t\t\t\t\t\t\t\t<\/div>\n\t\t\t\t\t\t\t<\/div>\n\t\t\t\t\t\t<\/div>\n\t\t\t\t\t<\/div>  \n\n\t\t\t\t\t<div class=\"col-lg-6 col-md-12\">\n\t\t\t\t\t\t<div class=\"welcom-to-section\">\n\t\t\t\t\t\t\t<!-- TITLE START-->\n\t\t\t\t\t\t\t\t\t\t\t\t\t\t\t<div class=\"left wt-small-separator-outer\">\n\t\t\t\t\t\t\t\t\t<div class=\"wt-small-separator site-text-primary\">\n\t\t\t\t\t\t\t\t\t\t<div class=\"sep-leaf-left\"><\/div>\n\t\t\t\t\t\t\t\t\t\t<div>Despre noi<\/div>\n\t\t\t\t\t\t\t\t\t\t<div class=\"sep-leaf-right\"><\/div>\n\t\t\t\t\t\t\t\t\t<\/div>\n\t\t\t\t\t\t\t\t<\/div>\t\n\t\t\t\t\t\t\t\t\t\t\t\t\t\t\t\t\t\t\t\t\t\t\t<h2>R\u0103spundem  <span> provoc\u0103rilor <\/span>viitorului <\/h2>\n\t\t\t\t\t\t\t\t\t\t\t\t\t\t\t\t\t\t\t\t\t\t\t<p class=\"\">Activitatea principala grupului de companii  este fabricarea  foliei din polietilena cu diferite destinatii, ambalajului flexibil si a etichetelor autoadezive. <\/p>\n  \t\t\t\t\t\t\t\t\t\t\t\t\t\t\t\n\t\t\t\t\t\t\t<div class=\"welcom-to-section-bottom d-flex justify-content-between\">\n\t\t\t\t\t\t\t\t\t\t\t\t\t\t\t\t\t<div class=\"welcom-btn-position\">\n\t\t\t\t\t\t\t\t\t\t<a  href=\"https:\/\/www.sanin.md\/ro\/produse\/\" class=\"site-button site-btn-effect\">Informatii suplimentare<\/a>\n\t\t\t\t\t\t\t\t\t<\/div>\t\n\t\t\t\t\t\t\t\t\t\t\t\t\t\t\t\t\t\t\t\t\t\t\t\t\t<div class=\"welcom-sign-pic\">\n\t\t\t\t\t\t\t\t\t<img src=\"http:\/\/www.sanin.md\/wp-content\/uploads\/2021\/04\/2-3.jpg\" alt=\"img\">\n\t\t\t\t\t\t\t\t<\/div>\t\n\t\t\t\t\t\t\t\t\t\t\t\t\t\t\t\t\t<div class=\"welcom-sign-info\">\n\t\t\t\t\t\t\t\t\t\t\t\t\t\t\t\t\t\t\t\t\t\t\t\t\t\t\t\n\t\t\t\t\t\t\t\t<\/div>\n\t\t\t\t\t\t\t<\/div>   \n\t\t\t\t\t\t<\/div>\n\t\t\t\t\t<\/div>\n\t\t\t\t<\/div>\n\t\t\t<\/div>\n\t\t\t\t\t<\/div>\n\t\t\t\t<\/div>\n\t\t\t\t\t\t<\/div>\n\t\t\t\t\t<\/div>\n\t\t<\/div>\n\t\t\t\t\t\t\t\t<\/div>\n\t\t\t\t\t<\/div>\n\t\t<\/section>\n\t\t\t\t<section class=\"elementor-section elementor-top-section elementor-element elementor-element-cf29ac9 elementor-section-boxed elementor-section-height-default elementor-section-height-default\" data-id=\"cf29ac9\" data-element_type=\"section\">\n\t\t\t\t\t\t<div class=\"elementor-container elementor-column-gap-default\">\n\t\t\t\t\t\t\t<div class=\"elementor-row\">\n\t\t\t\t\t<div class=\"elementor-column elementor-col-100 elementor-top-column elementor-element elementor-element-296df5e\" data-id=\"296df5e\" data-element_type=\"column\">\n\t\t\t<div class=\"elementor-column-wrap elementor-element-populated\">\n\t\t\t\t\t\t\t<div class=\"elementor-widget-wrap\">\n\t\t\t\t\t\t<div class=\"elementor-element elementor-element-777fad2 elementor-widget elementor-widget-heading\" data-id=\"777fad2\" data-element_type=\"widget\" data-widget_type=\"heading.default\">\n\t\t\t\t<div class=\"elementor-widget-container\">\n\t\t\t<h2 class=\"elementor-heading-title elementor-size-default\">Gama de produse fabricate<br><\/h2>\t\t<\/div>\n\t\t\t\t<\/div>\n\t\t\t\t<div class=\"elementor-element elementor-element-dd3e637 elementor-widget elementor-widget-text-editor\" data-id=\"dd3e637\" data-element_type=\"widget\" data-widget_type=\"text-editor.default\">\n\t\t\t\t<div class=\"elementor-widget-container\">\n\t\t\t\t\t<div class=\"elementor-text-editor elementor-clearfix\"><ul><li style=\"text-align: left;\"><span style=\"color: #000000;\">Folie stretch;<\/span><\/li><li style=\"text-align: left;\"><span style=\"color: #000000;\">Folie termocontractabila;<\/span><\/li><li style=\"text-align: left;\"><span style=\"color: #000000;\">Folie pentru sere;<\/span><\/li><li style=\"text-align: left;\"><span style=\"color: #000000;\">Pungi biodegradabile;<\/span><\/li><li style=\"text-align: left;\"><span style=\"color: #000000;\">Saci si folie pentru constructii.<\/span><\/li><li style=\"text-align: left;\"><span style=\"color: #000000;\">Pungi de inalta si joasa densitate cu sau fara imprimeu;<\/span><\/li><li style=\"text-align: left;\"><span style=\"color: #000000;\">Etichete autoadezive pentru industria vinicola, farmaceutica, produse de patiserie;<\/span><\/li><li style=\"text-align: left;\"><span style=\"color: #000000;\">Ambalaj flexibil pentru produse lactate, p\u00eeine, produse congelate si multe alte marfuri;<\/span><\/li><\/ul><\/div>\n\t\t\t\t<\/div>\n\t\t\t\t<\/div>\n\t\t\t\t\t\t<\/div>\n\t\t\t\t\t<\/div>\n\t\t<\/div>\n\t\t\t\t\t\t\t\t<\/div>\n\t\t\t\t\t<\/div>\n\t\t<\/section>\n\t\t\t\t<section class=\"elementor-section elementor-top-section elementor-element elementor-element-04f808f elementor-section-boxed elementor-section-height-default elementor-section-height-default\" data-id=\"04f808f\" data-element_type=\"section\" data-settings=\"{&quot;background_background&quot;:&quot;classic&quot;}\">\n\t\t\t\t\t\t<div class=\"elementor-container elementor-column-gap-default\">\n\t\t\t\t\t\t\t<div class=\"elementor-row\">\n\t\t\t\t\t<div class=\"elementor-column elementor-col-100 elementor-top-column elementor-element elementor-element-5c4f69c\" data-id=\"5c4f69c\" data-element_type=\"column\">\n\t\t\t<div class=\"elementor-column-wrap elementor-element-populated\">\n\t\t\t\t\t\t\t<div class=\"elementor-widget-wrap\">\n\t\t\t\t\t\t<div class=\"elementor-element elementor-element-4ab4642 elementor-widget elementor-widget-fancy-heading\" data-id=\"4ab4642\" data-element_type=\"widget\" data-widget_type=\"fancy-heading.default\">\n\t\t\t\t<div class=\"elementor-widget-container\">\n\t\t\t\t\t<div class=\"section-head center wt-small-separator-outer text-center\">\n\t\t\t<div class=\"wt-small-separator site-text-primary\">\n\t\t\t\t<div class=\"sep-leaf-left\"><\/div>\n\t\t\t\t<div >Viziune, misiune \u0219i valori<\/div>\n\t\t\t\t<div class=\"sep-leaf-right\"><\/div>\n\t\t\t<\/div>\n\t\t\t<h2 >Valorile noastre<\/h2>\n\t\t<\/div>\n\t\t\t\t<\/div>\n\t\t\t\t<\/div>\n\t\t\t\t<div class=\"elementor-element elementor-element-539769a elementor-widget elementor-widget-text-editor\" data-id=\"539769a\" data-element_type=\"widget\" data-widget_type=\"text-editor.default\">\n\t\t\t\t<div class=\"elementor-widget-container\">\n\t\t\t\t\t<div class=\"elementor-text-editor elementor-clearfix\"><h4 style=\"text-align: center;\">Suntem profesioni\u0219ti<\/h4><h4 style=\"text-align: center;\">Suntem respectuo\u0219i<\/h4><h4 style=\"text-align: center;\">Suntem responsabili<\/h4><h4 style=\"text-align: center;\">Urm\u0103rim cooperarea<\/h4><h4 style=\"text-align: center;\">Ne pas\u0103<\/h4><p>\u00a0<\/p><div>\u00a0<\/div><\/div>\n\t\t\t\t<\/div>\n\t\t\t\t<\/div>\n\t\t\t\t\t\t<\/div>\n\t\t\t\t\t<\/div>\n\t\t<\/div>\n\t\t\t\t\t\t\t\t<\/div>\n\t\t\t\t\t<\/div>\n\t\t<\/section>\n\t\t\t\t<section class=\"elementor-section elementor-top-section elementor-element elementor-element-27a7560 elementor-section-boxed elementor-section-height-default elementor-section-height-default\" data-id=\"27a7560\" data-element_type=\"section\">\n\t\t\t\t\t\t<div class=\"elementor-container elementor-column-gap-default\">\n\t\t\t\t\t\t\t<div class=\"elementor-row\">\n\t\t\t\t\t<div class=\"elementor-column elementor-col-100 elementor-top-column elementor-element elementor-element-f54fc44\" data-id=\"f54fc44\" data-element_type=\"column\">\n\t\t\t<div class=\"elementor-column-wrap elementor-element-populated\">\n\t\t\t\t\t\t\t<div class=\"elementor-widget-wrap\">\n\t\t\t\t\t\t<div class=\"elementor-element elementor-element-dab6141 elementor-widget elementor-widget-team-section\" data-id=\"dab6141\" data-element_type=\"widget\" data-widget_type=\"team-section.default\">\n\t\t\t\t<div class=\"elementor-widget-container\">\n\t\t\t\t\t\t\t\t<div class=\"section-full p-t80 p-b50 bg-white team-bg-section-outer bg-no-repeat bg-center\" style=\"background-image:url(https:\/\/www.sanin.md\/wp-content\/themes\/industroz\/assets\/images\/bg-map.png)\">\n\t\t\t\t\t\t\t\t\t\t<div class=\"container\">\n\t\t\t\t\t\t<div class=\"section-content\">\n\t\t\t\t\t\t\t<!-- TITLE START-->\n\t\t\t\t\t\t\t<div class=\"section-head center wt-small-separator-outer text-center\">\n\t\t\t\t\t\t\t\t<div class=\"wt-small-separator site-text-primary\">\n\t\t\t\t\t\t\t\t\t<div class=\"sep-leaf-left\"><\/div>\n\t\t\t\t\t\t\t\t\t<div>Echipa noastra<\/div>\n\t\t\t\t\t\t\t\t\t<div class=\"sep-leaf-right\"><\/div>\n\t\t\t\t\t\t\t\t<\/div>\n\t\t\t\t\t\t\t\t<h2>Exper\u021bii nostril  v\u0103  stau la dispozitie pentru clarificarea tuturor detaliilor \u0219i pentru a procesa toate comenzile  dvs.<\/h2>\n\t\t\t\t\t\t\t<\/div>\n\t\t\t\t\t\t\t<!-- TITLE END-->\n\n\t\t\t\t\t\t\t<div class=\"section-content\">\n\t\t\t\t\t\t\t\t<div class=\"row justify-content-center\">\n\t\t\t\t\t\t\t\t\t\t\t\t\t\t\t\t\t\t\t<div class=\"col-lg-4 col-md-6 col-sm-12 m-b30\">\n\t\t\t\t\t\t\t\t\t\t\t<div class=\"wt-team-1\">\n\t\t\t\t\t\t\t\t\t\t\t\t<div class=\"wt-media\">\n\t\t\t\t\t\t\t\t\t\t\t\t\t<img width=\"800\" height=\"800\" src=\"https:\/\/www.sanin.md\/wp-content\/uploads\/2021\/06\/6klipartz.com-1.png\" class=\"attachment-full size-full wp-post-image\" alt=\"\" loading=\"lazy\" srcset=\"https:\/\/www.sanin.md\/wp-content\/uploads\/2021\/06\/6klipartz.com-1.png 800w, https:\/\/www.sanin.md\/wp-content\/uploads\/2021\/06\/6klipartz.com-1-300x300.png 300w, https:\/\/www.sanin.md\/wp-content\/uploads\/2021\/06\/6klipartz.com-1-150x150.png 150w, https:\/\/www.sanin.md\/wp-content\/uploads\/2021\/06\/6klipartz.com-1-768x768.png 768w, https:\/\/www.sanin.md\/wp-content\/uploads\/2021\/06\/6klipartz.com-1-500x500.png 500w, https:\/\/www.sanin.md\/wp-content\/uploads\/2021\/06\/6klipartz.com-1-600x600.png 600w, https:\/\/www.sanin.md\/wp-content\/uploads\/2021\/06\/6klipartz.com-1-100x100.png 100w\" sizes=\"(max-width: 800px) 100vw, 800px\" \/>\t\t\t\t\t\t\t\t\t\t\t\t\t<div class=\"team-social-center\">\n\t\t\t\t\t\t\t\t\t\t\t\t\t\t<div class=\"team-content-holder\">\n\t\t\t\t\t\t\t\t\t\t\t\t\t\t\t<p class=\"team-small-description\">Responsabila de managementul v\u00e2nz\u0103rilor pungi \u015fi saci din plastic<\/p>\n<!--\t\t\t\t\t\t\t\t\t\t\t\t\t\t\t<ul class=\"team-social-bar\">-->\n<!--\t\t\t\t\t\t\t\t\t\t\t\t\t\t\t\t<li><a href=\"--><!--\"><i class=\"fa fa-facebook\"><\/i><\/a><\/li>-->\n<!--\t\t\t\t\t\t\t\t\t\t\t\t\t\t\t\t<li><a href=\"--><!--\"><i class=\"fa fa-twitter\"><\/i><\/a><\/li>-->\n<!--\t\t\t\t\t\t\t\t\t\t\t\t\t\t\t\t<li><a href=\"--><!--\"><i class=\"fa fa-instagram\"><\/i><\/a><\/li>-->\n<!--\t\t\t\t\t\t\t\t\t\t\t\t\t\t\t\t<li><a href=\"--><!--\"><i class=\"fa fa-linkedin\"><\/i><\/a><\/li>-->\n<!--\t\t\t\t\t\t\t\t\t\t\t\t\t\t\t<\/ul>-->\n\t\t\t\t\t\t\t\t\t\t\t\t\t\t\t\t\t\t\t\t\t\t\t\t\t\t\t\t\t\t<a class=\"team_phone\" href=\"tel:+37360201372\">+373 60 201 372<\/a>\n\t\t\t\t\t\t\t\t\t\t\t\t\t\t<\/div>\n\t\t\t\t\t\t\t\t\t\t\t\t\t<\/div>                                              \n\t\t\t\t\t\t\t\t\t\t\t\t<\/div> \n\t\t\t\t\t\t\t\t\t\t\t\t<div class=\"wt-info p-a30  p-b0\">\n\t\t\t\t\t\t\t\t\t\t\t\t\t<div class=\"team-detail  text-center\">\n\t\t\t\t\t\t\t\t\t\t\t\t\t\t<h3 class=\"m-t0 team-name\"><span class=\"site-text-secondry\">Pastuh Valentina<\/span><\/h3>\n\t\t\t\t\t\t\t\t\t\t\t\t\t\t<span class=\"title-style-2 team-position site-text-primary\">Manager v\u00e2nz\u0103ri<\/span>\n\t\t\t\t\t\t\t\t\t\t\t\t\t<\/div>\n\t\t\t\t\t\t\t\t\t\t\t\t<\/div>\n\t\t\t\t\t\t\t\t\t\t\t<\/div>\n\t\t\t\t\t\t\t\t\t\t<\/div>\n\t\t\t\t\t\t\t\t\t\t\t\t\t\t\t\t\t\t\t\t<div class=\"col-lg-4 col-md-6 col-sm-12 m-b30\">\n\t\t\t\t\t\t\t\t\t\t\t<div class=\"wt-team-1\">\n\t\t\t\t\t\t\t\t\t\t\t\t<div class=\"wt-media\">\n\t\t\t\t\t\t\t\t\t\t\t\t\t<img width=\"800\" height=\"800\" src=\"https:\/\/www.sanin.md\/wp-content\/uploads\/2021\/06\/6klipartz.com-1.png\" class=\"attachment-full size-full wp-post-image\" alt=\"\" loading=\"lazy\" srcset=\"https:\/\/www.sanin.md\/wp-content\/uploads\/2021\/06\/6klipartz.com-1.png 800w, https:\/\/www.sanin.md\/wp-content\/uploads\/2021\/06\/6klipartz.com-1-300x300.png 300w, https:\/\/www.sanin.md\/wp-content\/uploads\/2021\/06\/6klipartz.com-1-150x150.png 150w, https:\/\/www.sanin.md\/wp-content\/uploads\/2021\/06\/6klipartz.com-1-768x768.png 768w, https:\/\/www.sanin.md\/wp-content\/uploads\/2021\/06\/6klipartz.com-1-500x500.png 500w, https:\/\/www.sanin.md\/wp-content\/uploads\/2021\/06\/6klipartz.com-1-600x600.png 600w, https:\/\/www.sanin.md\/wp-content\/uploads\/2021\/06\/6klipartz.com-1-100x100.png 100w\" sizes=\"(max-width: 800px) 100vw, 800px\" \/>\t\t\t\t\t\t\t\t\t\t\t\t\t<div class=\"team-social-center\">\n\t\t\t\t\t\t\t\t\t\t\t\t\t\t<div class=\"team-content-holder\">\n\t\t\t\t\t\t\t\t\t\t\t\t\t\t\t<p class=\"team-small-description\">Gestioneaza managementul v\u00e2nz\u0103rilor pentru etichet\u0103 autoadeziv\u0103<\/p>\n<!--\t\t\t\t\t\t\t\t\t\t\t\t\t\t\t<ul class=\"team-social-bar\">-->\n<!--\t\t\t\t\t\t\t\t\t\t\t\t\t\t\t\t<li><a href=\"--><!--\"><i class=\"fa fa-facebook\"><\/i><\/a><\/li>-->\n<!--\t\t\t\t\t\t\t\t\t\t\t\t\t\t\t\t<li><a href=\"--><!--\"><i class=\"fa fa-twitter\"><\/i><\/a><\/li>-->\n<!--\t\t\t\t\t\t\t\t\t\t\t\t\t\t\t\t<li><a href=\"--><!--\"><i class=\"fa fa-instagram\"><\/i><\/a><\/li>-->\n<!--\t\t\t\t\t\t\t\t\t\t\t\t\t\t\t\t<li><a href=\"--><!--\"><i class=\"fa fa-linkedin\"><\/i><\/a><\/li>-->\n<!--\t\t\t\t\t\t\t\t\t\t\t\t\t\t\t<\/ul>-->\n\t\t\t\t\t\t\t\t\t\t\t\t\t\t\t\t\t\t\t\t\t\t\t\t\t\t\t\t\t\t<a class=\"team_phone\" href=\"tel:+37368344209\">+373 68 344 209<\/a>\n\t\t\t\t\t\t\t\t\t\t\t\t\t\t<\/div>\n\t\t\t\t\t\t\t\t\t\t\t\t\t<\/div>                                              \n\t\t\t\t\t\t\t\t\t\t\t\t<\/div> \n\t\t\t\t\t\t\t\t\t\t\t\t<div class=\"wt-info p-a30  p-b0\">\n\t\t\t\t\t\t\t\t\t\t\t\t\t<div class=\"team-detail  text-center\">\n\t\t\t\t\t\t\t\t\t\t\t\t\t\t<h3 class=\"m-t0 team-name\"><span class=\"site-text-secondry\">Kravtsova Yuliia<\/span><\/h3>\n\t\t\t\t\t\t\t\t\t\t\t\t\t\t<span class=\"title-style-2 team-position site-text-primary\">Manager v\u00e2nz\u0103ri<\/span>\n\t\t\t\t\t\t\t\t\t\t\t\t\t<\/div>\n\t\t\t\t\t\t\t\t\t\t\t\t<\/div>\n\t\t\t\t\t\t\t\t\t\t\t<\/div>\n\t\t\t\t\t\t\t\t\t\t<\/div>\n\t\t\t\t\t\t\t\t\t\t\t\t\t\t\t\t\t\t\t\t<div class=\"col-lg-4 col-md-6 col-sm-12 m-b30\">\n\t\t\t\t\t\t\t\t\t\t\t<div class=\"wt-team-1\">\n\t\t\t\t\t\t\t\t\t\t\t\t<div class=\"wt-media\">\n\t\t\t\t\t\t\t\t\t\t\t\t\t<img width=\"500\" height=\"500\" src=\"https:\/\/www.sanin.md\/wp-content\/uploads\/2021\/06\/4klipartz.com-1.png\" class=\"attachment-full size-full wp-post-image\" alt=\"\" loading=\"lazy\" srcset=\"https:\/\/www.sanin.md\/wp-content\/uploads\/2021\/06\/4klipartz.com-1.png 500w, https:\/\/www.sanin.md\/wp-content\/uploads\/2021\/06\/4klipartz.com-1-300x300.png 300w, https:\/\/www.sanin.md\/wp-content\/uploads\/2021\/06\/4klipartz.com-1-150x150.png 150w, https:\/\/www.sanin.md\/wp-content\/uploads\/2021\/06\/4klipartz.com-1-100x100.png 100w\" sizes=\"(max-width: 500px) 100vw, 500px\" \/>\t\t\t\t\t\t\t\t\t\t\t\t\t<div class=\"team-social-center\">\n\t\t\t\t\t\t\t\t\t\t\t\t\t\t<div class=\"team-content-holder\">\n\t\t\t\t\t\t\t\t\t\t\t\t\t\t\t<p class=\"team-small-description\">Coordoneaza si dezvolta activitatea commerciala  (achizitii, vanzari, stocuri, marketing, merchandising) avand ca principal scop  cresterea cifrei de afaceri si a profitului.\r\n\r\n<\/p>\n<!--\t\t\t\t\t\t\t\t\t\t\t\t\t\t\t<ul class=\"team-social-bar\">-->\n<!--\t\t\t\t\t\t\t\t\t\t\t\t\t\t\t\t<li><a href=\"--><!--\"><i class=\"fa fa-facebook\"><\/i><\/a><\/li>-->\n<!--\t\t\t\t\t\t\t\t\t\t\t\t\t\t\t\t<li><a href=\"--><!--\"><i class=\"fa fa-twitter\"><\/i><\/a><\/li>-->\n<!--\t\t\t\t\t\t\t\t\t\t\t\t\t\t\t\t<li><a href=\"--><!--\"><i class=\"fa fa-instagram\"><\/i><\/a><\/li>-->\n<!--\t\t\t\t\t\t\t\t\t\t\t\t\t\t\t\t<li><a href=\"--><!--\"><i class=\"fa fa-linkedin\"><\/i><\/a><\/li>-->\n<!--\t\t\t\t\t\t\t\t\t\t\t\t\t\t\t<\/ul>-->\n\t\t\t\t\t\t\t\t\t\t\t\t\t\t\t\t\t\t\t\t\t\t\t\t\t\t\t\t\t\t<a class=\"team_phone\" href=\"tel:+37368675095\">+373 68 675 095<\/a>\n\t\t\t\t\t\t\t\t\t\t\t\t\t\t<\/div>\n\t\t\t\t\t\t\t\t\t\t\t\t\t<\/div>                                              \n\t\t\t\t\t\t\t\t\t\t\t\t<\/div> \n\t\t\t\t\t\t\t\t\t\t\t\t<div class=\"wt-info p-a30  p-b0\">\n\t\t\t\t\t\t\t\t\t\t\t\t\t<div class=\"team-detail  text-center\">\n\t\t\t\t\t\t\t\t\t\t\t\t\t\t<h3 class=\"m-t0 team-name\"><span class=\"site-text-secondry\">Mart Elena<\/span><\/h3>\n\t\t\t\t\t\t\t\t\t\t\t\t\t\t<span class=\"title-style-2 team-position site-text-primary\">Senior sales officer<\/span>\n\t\t\t\t\t\t\t\t\t\t\t\t\t<\/div>\n\t\t\t\t\t\t\t\t\t\t\t\t<\/div>\n\t\t\t\t\t\t\t\t\t\t\t<\/div>\n\t\t\t\t\t\t\t\t\t\t<\/div>\n\t\t\t\t\t\t\t\t\t\t\t\t\t\t\t\t\t\t<\/div>\n\t\t\t\t\t\t\t<\/div>  \n\t\t\t\t\t\t<\/div>\n\t\t\t\t\t<\/div>\n\t\t\t\t<\/div>\n\t\t\t\t\t<\/div>\n\t\t\t\t<\/div>\n\t\t\t\t\t\t<\/div>\n\t\t\t\t\t<\/div>\n\t\t<\/div>\n\t\t\t\t\t\t\t\t<\/div>\n\t\t\t\t\t<\/div>\n\t\t<\/section>\n\t\t\t\t<section class=\"elementor-section elementor-top-section elementor-element elementor-element-ad5c90f elementor-section-boxed elementor-section-height-default elementor-section-height-default\" data-id=\"ad5c90f\" data-element_type=\"section\" data-settings=\"{&quot;background_background&quot;:&quot;classic&quot;}\">\n\t\t\t\t\t\t<div class=\"elementor-container elementor-column-gap-default\">\n\t\t\t\t\t\t\t<div class=\"elementor-row\">\n\t\t\t\t\t<div class=\"elementor-column elementor-col-100 elementor-top-column elementor-element elementor-element-b31f3a2\" data-id=\"b31f3a2\" data-element_type=\"column\">\n\t\t\t<div class=\"elementor-column-wrap elementor-element-populated\">\n\t\t\t\t\t\t\t<div class=\"elementor-widget-wrap\">\n\t\t\t\t\t\t<div class=\"elementor-element elementor-element-bf44694 elementor-widget elementor-widget-clients-section\" data-id=\"bf44694\" data-element_type=\"widget\" data-widget_type=\"clients-section.default\">\n\t\t\t\t<div class=\"elementor-widget-container\">\n\t\t\t\t\t\t<div class=\"section-content\">\n\t\t\t\t<!-- TESTIMONIAL 4 START ON BACKGROUND -->   \n\t\t\t\t<div class=\"section-content\">\n\t\t\t\t\t<div class=\"section-content p-tb30 owl-btn-vertical-center\">\n\t\t\t\t\t\t<div class=\"owl-carousel home-client-carousel-2\">\n\t\t\t\t\t\t\t\t\t\t\t\t\t\t\t<div class=\"item\">\n\t\t\t\t\t\t\t\t\t<div class=\"ow-client-logo\">\n\t\t\t\t\t\t\t\t\t\t<div class=\"client-logo client-logo-media\">\n\t\t\t\t\t\t\t\t\t\t\t<a href=\"#\">\n\t\t\t\t\t\t\t\t\t\t\t\t<img src=\"http:\/\/www.sanin.md\/wp-content\/uploads\/2021\/05\/lgcc-1.png\" alt=\"img\">\n\t\t\t\t\t\t\t\t\t\t\t<\/a>\n\t\t\t\t\t\t\t\t\t\t<\/div>\n\t\t\t\t\t\t\t\t\t<\/div>\n\t\t\t\t\t\t\t\t<\/div>\n\t\t\t\t\t\t\t\t\t\t\t\t\t\t\t\t<div class=\"item\">\n\t\t\t\t\t\t\t\t\t<div class=\"ow-client-logo\">\n\t\t\t\t\t\t\t\t\t\t<div class=\"client-logo client-logo-media\">\n\t\t\t\t\t\t\t\t\t\t\t<a href=\"#\">\n\t\t\t\t\t\t\t\t\t\t\t\t<img src=\"http:\/\/www.sanin.md\/wp-content\/uploads\/2021\/05\/prodlacta.png\" alt=\"img\">\n\t\t\t\t\t\t\t\t\t\t\t<\/a>\n\t\t\t\t\t\t\t\t\t\t<\/div>\n\t\t\t\t\t\t\t\t\t<\/div>\n\t\t\t\t\t\t\t\t<\/div>\n\t\t\t\t\t\t\t\t\t\t\t\t\t\t\t\t<div class=\"item\">\n\t\t\t\t\t\t\t\t\t<div class=\"ow-client-logo\">\n\t\t\t\t\t\t\t\t\t\t<div class=\"client-logo client-logo-media\">\n\t\t\t\t\t\t\t\t\t\t\t<a href=\"#\">\n\t\t\t\t\t\t\t\t\t\t\t\t<img src=\"http:\/\/www.sanin.md\/wp-content\/uploads\/2021\/05\/rusnac.png\" alt=\"img\">\n\t\t\t\t\t\t\t\t\t\t\t<\/a>\n\t\t\t\t\t\t\t\t\t\t<\/div>\n\t\t\t\t\t\t\t\t\t<\/div>\n\t\t\t\t\t\t\t\t<\/div>\n\t\t\t\t\t\t\t\t\t\t\t\t\t\t\t\t<div class=\"item\">\n\t\t\t\t\t\t\t\t\t<div class=\"ow-client-logo\">\n\t\t\t\t\t\t\t\t\t\t<div class=\"client-logo client-logo-media\">\n\t\t\t\t\t\t\t\t\t\t\t<a href=\"#\">\n\t\t\t\t\t\t\t\t\t\t\t\t<img src=\"http:\/\/www.sanin.md\/wp-content\/uploads\/2021\/05\/knauf.png\" alt=\"img\">\n\t\t\t\t\t\t\t\t\t\t\t<\/a>\n\t\t\t\t\t\t\t\t\t\t<\/div>\n\t\t\t\t\t\t\t\t\t<\/div>\n\t\t\t\t\t\t\t\t<\/div>\n\t\t\t\t\t\t\t\t\t\t\t\t\t\t\t\t<div class=\"item\">\n\t\t\t\t\t\t\t\t\t<div class=\"ow-client-logo\">\n\t\t\t\t\t\t\t\t\t\t<div class=\"client-logo client-logo-media\">\n\t\t\t\t\t\t\t\t\t\t\t<a href=\"#\">\n\t\t\t\t\t\t\t\t\t\t\t\t<img src=\"http:\/\/www.sanin.md\/wp-content\/uploads\/2021\/05\/jlc-1.png\" alt=\"img\">\n\t\t\t\t\t\t\t\t\t\t\t<\/a>\n\t\t\t\t\t\t\t\t\t\t<\/div>\n\t\t\t\t\t\t\t\t\t<\/div>\n\t\t\t\t\t\t\t\t<\/div>\n\t\t\t\t\t\t\t\t\t\t\t\t\t\t\t\t<div class=\"item\">\n\t\t\t\t\t\t\t\t\t<div class=\"ow-client-logo\">\n\t\t\t\t\t\t\t\t\t\t<div class=\"client-logo client-logo-media\">\n\t\t\t\t\t\t\t\t\t\t\t<a href=\"#\">\n\t\t\t\t\t\t\t\t\t\t\t\t<img src=\"http:\/\/www.sanin.md\/wp-content\/uploads\/2021\/05\/efes.png\" alt=\"img\">\n\t\t\t\t\t\t\t\t\t\t\t<\/a>\n\t\t\t\t\t\t\t\t\t\t<\/div>\n\t\t\t\t\t\t\t\t\t<\/div>\n\t\t\t\t\t\t\t\t<\/div>\n\t\t\t\t\t\t\t\t\t\t\t\t\t\t\t\t<div class=\"item\">\n\t\t\t\t\t\t\t\t\t<div class=\"ow-client-logo\">\n\t\t\t\t\t\t\t\t\t\t<div class=\"client-logo client-logo-media\">\n\t\t\t\t\t\t\t\t\t\t\t<a href=\"#\">\n\t\t\t\t\t\t\t\t\t\t\t\t<img src=\"http:\/\/www.sanin.md\/wp-content\/uploads\/2021\/05\/cricova.png\" alt=\"img\">\n\t\t\t\t\t\t\t\t\t\t\t<\/a>\n\t\t\t\t\t\t\t\t\t\t<\/div>\n\t\t\t\t\t\t\t\t\t<\/div>\n\t\t\t\t\t\t\t\t<\/div>\n\t\t\t\t\t\t\t\t\t\t\t\t\t\t\t\t<div class=\"item\">\n\t\t\t\t\t\t\t\t\t<div class=\"ow-client-logo\">\n\t\t\t\t\t\t\t\t\t\t<div class=\"client-logo client-logo-media\">\n\t\t\t\t\t\t\t\t\t\t\t<a href=\"#\">\n\t\t\t\t\t\t\t\t\t\t\t\t<img src=\"http:\/\/www.sanin.md\/wp-content\/uploads\/2021\/05\/calarasi.png\" alt=\"img\">\n\t\t\t\t\t\t\t\t\t\t\t<\/a>\n\t\t\t\t\t\t\t\t\t\t<\/div>\n\t\t\t\t\t\t\t\t\t<\/div>\n\t\t\t\t\t\t\t\t<\/div>\n\t\t\t\t\t\t\t\t\t\t\t\t\t\t\t\t<div class=\"item\">\n\t\t\t\t\t\t\t\t\t<div class=\"ow-client-logo\">\n\t\t\t\t\t\t\t\t\t\t<div class=\"client-logo client-logo-media\">\n\t\t\t\t\t\t\t\t\t\t\t<a href=\"#\">\n\t\t\t\t\t\t\t\t\t\t\t\t<img src=\"http:\/\/www.sanin.md\/wp-content\/uploads\/2021\/05\/bostavan.png\" alt=\"img\">\n\t\t\t\t\t\t\t\t\t\t\t<\/a>\n\t\t\t\t\t\t\t\t\t\t<\/div>\n\t\t\t\t\t\t\t\t\t<\/div>\n\t\t\t\t\t\t\t\t<\/div>\n\t\t\t\t\t\t\t\t\t\t\t\t\t\t\t\t<div class=\"item\">\n\t\t\t\t\t\t\t\t\t<div class=\"ow-client-logo\">\n\t\t\t\t\t\t\t\t\t\t<div class=\"client-logo client-logo-media\">\n\t\t\t\t\t\t\t\t\t\t\t<a href=\"#\">\n\t\t\t\t\t\t\t\t\t\t\t\t<img src=\"http:\/\/www.sanin.md\/wp-content\/uploads\/2021\/05\/berm.png\" alt=\"img\">\n\t\t\t\t\t\t\t\t\t\t\t<\/a>\n\t\t\t\t\t\t\t\t\t\t<\/div>\n\t\t\t\t\t\t\t\t\t<\/div>\n\t\t\t\t\t\t\t\t<\/div>\n\t\t\t\t\t\t\t\t\t\t\t\t\t\t\t\t<div class=\"item\">\n\t\t\t\t\t\t\t\t\t<div class=\"ow-client-logo\">\n\t\t\t\t\t\t\t\t\t\t<div class=\"client-logo client-logo-media\">\n\t\t\t\t\t\t\t\t\t\t\t<a href=\"#\">\n\t\t\t\t\t\t\t\t\t\t\t\t<img src=\"http:\/\/www.sanin.md\/wp-content\/uploads\/2021\/05\/acvila.png\" alt=\"img\">\n\t\t\t\t\t\t\t\t\t\t\t<\/a>\n\t\t\t\t\t\t\t\t\t\t<\/div>\n\t\t\t\t\t\t\t\t\t<\/div>\n\t\t\t\t\t\t\t\t<\/div>\n\t\t\t\t\t\t\t\t \n\t\t\t\t\t\t<\/div>\n\t\t\t\t\t<\/div>\n\t\t\t\t<\/div>\n\t\t\t<\/div>\n\t\t\t<!-- VIDEO SECTION START -->\t\n\t\t\t\t\t<\/div>\n\t\t\t\t<\/div>\n\t\t\t\t\t\t<\/div>\n\t\t\t\t\t<\/div>\n\t\t<\/div>\n\t\t\t\t\t\t\t\t<\/div>\n\t\t\t\t\t<\/div>\n\t\t<\/section>\n\t\t\t\t\t\t<\/div>\n\t\t\t\t\t\t<\/div>\n\t\t\t\t\t<\/div>\n\t\t","protected":false},"excerpt":{"rendered":"<p>Performanta si fiabilitate Despre noi R\u0103spundem provoc\u0103rilor viitorului Activitatea principala grupului de companii este fabricarea [&hellip;]<\/p>\n","protected":false},"author":1,"featured_media":0,"parent":0,"menu_order":0,"comment_status":"closed","ping_status":"closed","template":"","meta":[],"_links":{"self":[{"href":"https:\/\/www.sanin.md\/ro\/wp-json\/wp\/v2\/pages\/1345"}],"collection":[{"href":"https:\/\/www.sanin.md\/ro\/wp-json\/wp\/v2\/pages"}],"about":[{"href":"https:\/\/www.sanin.md\/ro\/wp-json\/wp\/v2\/types\/page"}],"author":[{"embeddable":true,"href":"https:\/\/www.sanin.md\/ro\/wp-json\/wp\/v2\/users\/1"}],"replies":[{"embeddable":true,"href":"https:\/\/www.sanin.md\/ro\/wp-json\/wp\/v2\/comments?post=1345"}],"version-history":[{"count":68,"href":"https:\/\/www.sanin.md\/ro\/wp-json\/wp\/v2\/pages\/1345\/revisions"}],"predecessor-version":[{"id":5751,"href":"https:\/\/www.sanin.md\/ro\/wp-json\/wp\/v2\/pages\/1345\/revisions\/5751"}],"wp:attachment":[{"href":"https:\/\/www.sanin.md\/ro\/wp-json\/wp\/v2\/media?parent=1345"}],"curies":[{"name":"wp","href":"https:\/\/api.w.org\/{rel}","templated":true}]}}