{"id":1365,"date":"2021-04-01T22:36:41","date_gmt":"2021-04-01T19:36:41","guid":{"rendered":"http:\/\/www.sanin.md\/contacte\/"},"modified":"2024-06-20T14:04:06","modified_gmt":"2024-06-20T11:04:06","slug":"contacte","status":"publish","type":"page","link":"https:\/\/www.sanin.md\/ro\/contacte\/","title":{"rendered":"Contacte"},"content":{"rendered":"\t\t<div data-elementor-type=\"wp-page\" data-elementor-id=\"1365\" class=\"elementor elementor-1365 elementor-40\" data-elementor-settings=\"[]\">\n\t\t\t\t\t\t<div class=\"elementor-inner\">\n\t\t\t\t\t\t\t<div class=\"elementor-section-wrap\">\n\t\t\t\t\t\t\t<section class=\"elementor-section elementor-top-section elementor-element elementor-element-132dbd0 elementor-section-boxed elementor-section-height-default elementor-section-height-default\" data-id=\"132dbd0\" data-element_type=\"section\">\n\t\t\t\t\t\t<div class=\"elementor-container elementor-column-gap-default\">\n\t\t\t\t\t\t\t<div class=\"elementor-row\">\n\t\t\t\t\t<div class=\"elementor-column elementor-col-50 elementor-top-column elementor-element elementor-element-64d74a4\" data-id=\"64d74a4\" data-element_type=\"column\">\n\t\t\t<div class=\"elementor-column-wrap elementor-element-populated\">\n\t\t\t\t\t\t\t<div class=\"elementor-widget-wrap\">\n\t\t\t\t\t\t<div class=\"elementor-element elementor-element-0f51984 elementor-widget elementor-widget-contact-info\" data-id=\"0f51984\" data-element_type=\"widget\" data-widget_type=\"contact-info.default\">\n\t\t\t\t<div class=\"elementor-widget-container\">\n\t\t\t\t\t<div class=\"contact-info\">\n\t\t\t<div class=\"contact-info-inner\">\n\t\t\t\t\t\t\t\t \n\n\t\t\t\t<div class=\"contact-info-section\" style=\"background-image:url(https:\/\/www.sanin.md\/wp-content\/themes\/industroz\/assets\/images\/bg-map2.png);\">  \n\t\t\t\t\t\t\t\t\t\t\t<div class=\"wt-icon-box-wraper left m-b30\">\n\n\t\t\t\t\t\t\t<div class=\"icon-content\">\n\t\t\t\t\t\t\t\t<h3 class=\"m-t0 text-white\">Contacte<\/h3>\n\t\t\t\t\t\t\t\t<p><strong>Sediul central<\/strong><\/p><p>Moldova, mun. Chi\u015finau,<\/p><p>or.Durle\u015fti, str.Tudor Vladimirescu,70<br \/>MD \u2013 2003<\/p>\t\t\t\t\t\t\t<\/div>\n\t\t\t\t\t\t<\/div>\n\t\t\t\t\t\t\t\t\t\t\t\t<div class=\"wt-icon-box-wraper left m-b30\">\n\n\t\t\t\t\t\t\t<div class=\"icon-content\">\n\t\t\t\t\t\t\t\t<h3 class=\"m-t0 text-white\">Telefoane<\/h3>\n\t\t\t\t\t\t\t\t<p><strong>Serviciul resurse umane:<\/strong>\u00a0 \u00a0 \u00a0 \u00a0 \u00a0+373 22 85 53 15<\/p><p><strong>Secretariat: <\/strong>+373 22 85 53 15\u00a0 \u00a0+373 60 20 13 60<\/p><p><strong>Contabilitate:<\/strong>\u00a0 +373 22 85 53 29<\/p>\t\t\t\t\t\t\t<\/div>\n\t\t\t\t\t\t<\/div>\n\t\t\t\t\t\t\t\t\t\t\t\t<div class=\"wt-icon-box-wraper left m-b30\">\n\n\t\t\t\t\t\t\t<div class=\"icon-content\">\n\t\t\t\t\t\t\t\t<h3 class=\"m-t0 text-white\">Adresa electronica<\/h3>\n\t\t\t\t\t\t\t\t<p>hr@sanin.md<\/p><p>sales@sanin.md\u00a0<\/p><p>marketing@sanin.md<\/p><p>Maria.Moldovanu@sanin.md\u00a0 (secretariat)<\/p>\t\t\t\t\t\t\t<\/div>\n\t\t\t\t\t\t<\/div>\n\t\t\t\t\t\t\t\t\t\t\t\t<div class=\"wt-icon-box-wraper left \">\n\n\t\t\t\t\t\t\t<div class=\"icon-content\">\n\t\t\t\t\t\t\t\t<h3 class=\"m-t0 text-white\">Programul de functionare <\/h3>\n\t\t\t\t\t\t\t\t<ul class=\"list-unstyled\"><li>Luni-Vineri:\u00a0 \u00a0 \u00a0 8:30 \u2013 17:00<\/li><li>S\u00e2mb\u0103t\u0103-Duminica: liber<\/li><li>\u00a0<\/li><\/ul>\t\t\t\t\t\t\t<\/div>\n\t\t\t\t\t\t<\/div>\n\t\t\t\t\t\t\t\t\t\t<\/div>\n\t\t\t<\/div>\n\t\t<\/div>\n\t\t\t\t<\/div>\n\t\t\t\t<\/div>\n\t\t\t\t\t\t<\/div>\n\t\t\t\t\t<\/div>\n\t\t<\/div>\n\t\t\t\t<div class=\"elementor-column elementor-col-50 elementor-top-column elementor-element elementor-element-8965759\" data-id=\"8965759\" data-element_type=\"column\">\n\t\t\t<div class=\"elementor-column-wrap elementor-element-populated\">\n\t\t\t\t\t\t\t<div class=\"elementor-widget-wrap\">\n\t\t\t\t\t\t<div class=\"elementor-element elementor-element-8a95ce2 elementor-widget elementor-widget-google_maps\" data-id=\"8a95ce2\" data-element_type=\"widget\" data-widget_type=\"google_maps.default\">\n\t\t\t\t<div class=\"elementor-widget-container\">\n\t\t\t<div class=\"elementor-custom-embed\"><iframe frameborder=\"0\" scrolling=\"no\" marginheight=\"0\" marginwidth=\"0\" src=\"https:\/\/maps.google.com\/maps?q=47.028486747644465%2C%2028.77160488404988&amp;t=m&amp;z=10&amp;output=embed&amp;iwloc=near\" title=\"47.028486747644465, 28.77160488404988\" aria-label=\"47.028486747644465, 28.77160488404988\"><\/iframe><\/div>\t\t<\/div>\n\t\t\t\t<\/div>\n\t\t\t\t\t\t<\/div>\n\t\t\t\t\t<\/div>\n\t\t<\/div>\n\t\t\t\t\t\t\t\t<\/div>\n\t\t\t\t\t<\/div>\n\t\t<\/section>\n\t\t\t\t<section class=\"elementor-section elementor-top-section elementor-element elementor-element-2f64bf1 elementor-section-boxed elementor-section-height-default elementor-section-height-default\" data-id=\"2f64bf1\" data-element_type=\"section\" data-settings=\"{&quot;background_background&quot;:&quot;classic&quot;}\">\n\t\t\t\t\t\t<div class=\"elementor-container elementor-column-gap-default\">\n\t\t\t\t\t\t\t<div class=\"elementor-row\">\n\t\t\t\t\t<div class=\"elementor-column elementor-col-100 elementor-top-column elementor-element elementor-element-6e212c3\" data-id=\"6e212c3\" data-element_type=\"column\">\n\t\t\t<div class=\"elementor-column-wrap elementor-element-populated\">\n\t\t\t\t\t\t\t<div class=\"elementor-widget-wrap\">\n\t\t\t\t\t\t<div class=\"elementor-element elementor-element-e4eca9d elementor-widget elementor-widget-shortcode\" data-id=\"e4eca9d\" data-element_type=\"widget\" data-widget_type=\"shortcode.default\">\n\t\t\t\t<div class=\"elementor-widget-container\">\n\t\t\t\t\t<div class=\"elementor-shortcode\"><div role=\"form\" class=\"wpcf7\" id=\"wpcf7-f2353-o1\" lang=\"en-US\" dir=\"ltr\">\n<div class=\"screen-reader-response\"><p role=\"status\" aria-live=\"polite\" aria-atomic=\"true\"><\/p> <ul><\/ul><\/div>\n<form action=\"\/ro\/wp-json\/wp\/v2\/pages\/1365#wpcf7-f2353-o1\" method=\"post\" class=\"wpcf7-form init\" novalidate=\"novalidate\" data-status=\"init\">\n<div style=\"display: none;\">\n<input type=\"hidden\" name=\"_wpcf7\" value=\"2353\" \/>\n<input type=\"hidden\" name=\"_wpcf7_version\" value=\"5.4\" \/>\n<input type=\"hidden\" name=\"_wpcf7_locale\" value=\"en_US\" \/>\n<input type=\"hidden\" name=\"_wpcf7_unit_tag\" value=\"wpcf7-f2353-o1\" \/>\n<input type=\"hidden\" name=\"_wpcf7_container_post\" value=\"0\" \/>\n<input type=\"hidden\" name=\"_wpcf7_posted_data_hash\" value=\"\" \/>\n<input type=\"hidden\" name=\"_wpcf7_recaptcha_response\" value=\"\" \/>\n<\/div>\n<div class=\"cons-contact-form-new\">\n<div class=\"section-head center wt-small-separator-outer text-center\">\n<div class=\"wt-small-separator site-text-primary\">\n<div class=\"sep-leaf-left\"><\/div>\n<div>Pentru contact<\/div>\n<div class=\"sep-leaf-right\"><\/div>\n<\/div>\n<h2>L\u0103sa\u021bi un mesaj<\/h2>\n<\/div>\n<div class=\"row\">\n<div class=\"col-md-6 col-sm-6\">\n<div class=\"form-group\"><input name=\"username\" type=\"text\" required=\"\" class=\"form-control\" placeholder=\"Nume\"><\/div>\n<\/div>\n<div class=\"col-md-6 col-sm-6\">\n<div class=\"form-group\"><input name=\"email\" type=\"text\" class=\"form-control\" required=\"\" placeholder=\"Email\"><\/div>\n<\/div>\n<div class=\"col-md-6 col-sm-6\">\n<div class=\"form-group\"><input name=\"phone\" type=\"text\" class=\"form-control\" required=\"\" placeholder=\"Telefon\"><\/div>\n<\/div>\n<div class=\"col-md-6 col-sm-6\">\n<div class=\"form-group\"><input name=\"subject\" type=\"text\" class=\"form-control\" required=\"\" placeholder=\"Subiect\"><\/div>\n<\/div>\n<div class=\"col-md-12\">\n<div class=\"form-group\"><textarea name=\"message\" class=\"form-control\" rows=\"4\" placeholder=\"Mesaj\"><\/textarea><\/div>\n<\/div>\n<div class=\"col-md-12\"><button type=\"submit\" class=\"site-button site-btn-effect\">Trimite<\/button><\/div>\n<\/div>\n<\/div>\n<div class=\"wpcf7-response-output\" aria-hidden=\"true\"><\/div><\/form><\/div><\/div>\n\t\t\t\t<\/div>\n\t\t\t\t<\/div>\n\t\t\t\t\t\t<\/div>\n\t\t\t\t\t<\/div>\n\t\t<\/div>\n\t\t\t\t\t\t\t\t<\/div>\n\t\t\t\t\t<\/div>\n\t\t<\/section>\n\t\t\t\t\t\t<\/div>\n\t\t\t\t\t\t<\/div>\n\t\t\t\t\t<\/div>\n\t\t","protected":false},"excerpt":{"rendered":"<p>Contacte Sediul central Moldova, mun. Chi\u015finau, or.Durle\u015fti, str.Tudor Vladimirescu,70MD \u2013 2003 Telefoane Serviciul resurse umane:\u00a0 [&hellip;]<\/p>\n","protected":false},"author":1,"featured_media":0,"parent":0,"menu_order":0,"comment_status":"closed","ping_status":"closed","template":"","meta":[],"_links":{"self":[{"href":"https:\/\/www.sanin.md\/ro\/wp-json\/wp\/v2\/pages\/1365"}],"collection":[{"href":"https:\/\/www.sanin.md\/ro\/wp-json\/wp\/v2\/pages"}],"about":[{"href":"https:\/\/www.sanin.md\/ro\/wp-json\/wp\/v2\/types\/page"}],"author":[{"embeddable":true,"href":"https:\/\/www.sanin.md\/ro\/wp-json\/wp\/v2\/users\/1"}],"replies":[{"embeddable":true,"href":"https:\/\/www.sanin.md\/ro\/wp-json\/wp\/v2\/comments?post=1365"}],"version-history":[{"count":59,"href":"https:\/\/www.sanin.md\/ro\/wp-json\/wp\/v2\/pages\/1365\/revisions"}],"predecessor-version":[{"id":28357,"href":"https:\/\/www.sanin.md\/ro\/wp-json\/wp\/v2\/pages\/1365\/revisions\/28357"}],"wp:attachment":[{"href":"https:\/\/www.sanin.md\/ro\/wp-json\/wp\/v2\/media?parent=1365"}],"curies":[{"name":"wp","href":"https:\/\/api.w.org\/{rel}","templated":true}]}}