{"id":2734,"date":"2021-04-15T15:24:20","date_gmt":"2021-04-15T12:24:20","guid":{"rendered":"http:\/\/www.sanin.md\/echipa\/"},"modified":"2021-06-22T16:23:29","modified_gmt":"2021-06-22T13:23:29","slug":"echipa","status":"publish","type":"page","link":"https:\/\/www.sanin.md\/ro\/echipa\/","title":{"rendered":"Echipa"},"content":{"rendered":"\t\t<div data-elementor-type=\"wp-page\" data-elementor-id=\"2734\" class=\"elementor elementor-2734 elementor-219\" data-elementor-settings=\"[]\">\n\t\t\t\t\t\t<div class=\"elementor-inner\">\n\t\t\t\t\t\t\t<div class=\"elementor-section-wrap\">\n\t\t\t\t\t\t\t<section class=\"elementor-section elementor-top-section elementor-element elementor-element-2a05ece elementor-section-boxed elementor-section-height-default elementor-section-height-default\" data-id=\"2a05ece\" data-element_type=\"section\">\n\t\t\t\t\t\t<div class=\"elementor-container elementor-column-gap-default\">\n\t\t\t\t\t\t\t<div class=\"elementor-row\">\n\t\t\t\t\t<div class=\"elementor-column elementor-col-100 elementor-top-column elementor-element elementor-element-da8b4ca\" data-id=\"da8b4ca\" data-element_type=\"column\">\n\t\t\t<div class=\"elementor-column-wrap elementor-element-populated\">\n\t\t\t\t\t\t\t<div class=\"elementor-widget-wrap\">\n\t\t\t\t\t\t<div class=\"elementor-element elementor-element-eed7c03 elementor-widget elementor-widget-team-section\" data-id=\"eed7c03\" data-element_type=\"widget\" data-widget_type=\"team-section.default\">\n\t\t\t\t<div class=\"elementor-widget-container\">\n\t\t\t\t\t\t\t\t<div class=\"section-full p-t80 p-b50 bg-white team-bg-section-outer bg-no-repeat bg-center\" style=\"background-image:url(https:\/\/www.sanin.md\/wp-content\/themes\/industroz\/assets\/images\/bg-map.png)\">\n\t\t\t\t\t\t\t\t\t\t<div class=\"container\">\n\t\t\t\t\t\t<div class=\"section-content\">\n\t\t\t\t\t\t\t<!-- TITLE START-->\n\t\t\t\t\t\t\t<div class=\"section-head center wt-small-separator-outer text-center\">\n\t\t\t\t\t\t\t\t<div class=\"wt-small-separator site-text-primary\">\n\t\t\t\t\t\t\t\t\t<div class=\"sep-leaf-left\"><\/div>\n\t\t\t\t\t\t\t\t\t<div>Echipa noastra<\/div>\n\t\t\t\t\t\t\t\t\t<div class=\"sep-leaf-right\"><\/div>\n\t\t\t\t\t\t\t\t<\/div>\n\t\t\t\t\t\t\t\t<h2>Ceea ce facem, facem cu pasiune!<\/h2>\n\t\t\t\t\t\t\t<\/div>\n\t\t\t\t\t\t\t<!-- TITLE END-->\n\n\t\t\t\t\t\t\t<div class=\"section-content\">\n\t\t\t\t\t\t\t\t<div class=\"row justify-content-center\">\n\t\t\t\t\t\t\t\t\t\t\t\t\t\t\t\t\t\t\t<div class=\"col-lg-4 col-md-6 col-sm-12 m-b30\">\n\t\t\t\t\t\t\t\t\t\t\t<div class=\"wt-team-1\">\n\t\t\t\t\t\t\t\t\t\t\t\t<div class=\"wt-media\">\n\t\t\t\t\t\t\t\t\t\t\t\t\t<img width=\"800\" height=\"800\" src=\"https:\/\/www.sanin.md\/wp-content\/uploads\/2021\/06\/6klipartz.com-1.png\" class=\"attachment-full size-full wp-post-image\" alt=\"\" loading=\"lazy\" srcset=\"https:\/\/www.sanin.md\/wp-content\/uploads\/2021\/06\/6klipartz.com-1.png 800w, https:\/\/www.sanin.md\/wp-content\/uploads\/2021\/06\/6klipartz.com-1-300x300.png 300w, https:\/\/www.sanin.md\/wp-content\/uploads\/2021\/06\/6klipartz.com-1-150x150.png 150w, https:\/\/www.sanin.md\/wp-content\/uploads\/2021\/06\/6klipartz.com-1-768x768.png 768w, https:\/\/www.sanin.md\/wp-content\/uploads\/2021\/06\/6klipartz.com-1-500x500.png 500w, https:\/\/www.sanin.md\/wp-content\/uploads\/2021\/06\/6klipartz.com-1-600x600.png 600w, https:\/\/www.sanin.md\/wp-content\/uploads\/2021\/06\/6klipartz.com-1-100x100.png 100w\" sizes=\"(max-width: 800px) 100vw, 800px\" \/>\t\t\t\t\t\t\t\t\t\t\t\t\t<div class=\"team-social-center\">\n\t\t\t\t\t\t\t\t\t\t\t\t\t\t<div class=\"team-content-holder\">\n\t\t\t\t\t\t\t\t\t\t\t\t\t\t\t<p class=\"team-small-description\">Responsabila de managementul v\u00e2nz\u0103rilor folie de polietilen\u0103<\/p>\n<!--\t\t\t\t\t\t\t\t\t\t\t\t\t\t\t<ul class=\"team-social-bar\">-->\n<!--\t\t\t\t\t\t\t\t\t\t\t\t\t\t\t\t<li><a href=\"--><!--\"><i class=\"fa fa-facebook\"><\/i><\/a><\/li>-->\n<!--\t\t\t\t\t\t\t\t\t\t\t\t\t\t\t\t<li><a href=\"--><!--\"><i class=\"fa fa-twitter\"><\/i><\/a><\/li>-->\n<!--\t\t\t\t\t\t\t\t\t\t\t\t\t\t\t\t<li><a href=\"--><!--\"><i class=\"fa fa-instagram\"><\/i><\/a><\/li>-->\n<!--\t\t\t\t\t\t\t\t\t\t\t\t\t\t\t\t<li><a href=\"--><!--\"><i class=\"fa fa-linkedin\"><\/i><\/a><\/li>-->\n<!--\t\t\t\t\t\t\t\t\t\t\t\t\t\t\t<\/ul>-->\n\t\t\t\t\t\t\t\t\t\t\t\t\t\t\t\t\t\t\t\t\t\t\t\t\t\t\t\t\t\t<a class=\"team_phone\" href=\"tel:+37360201371\">+373 60 201 371<\/a>\n\t\t\t\t\t\t\t\t\t\t\t\t\t\t<\/div>\n\t\t\t\t\t\t\t\t\t\t\t\t\t<\/div>                                              \n\t\t\t\t\t\t\t\t\t\t\t\t<\/div> \n\t\t\t\t\t\t\t\t\t\t\t\t<div class=\"wt-info p-a30  p-b0\">\n\t\t\t\t\t\t\t\t\t\t\t\t\t<div class=\"team-detail  text-center\">\n\t\t\t\t\t\t\t\t\t\t\t\t\t\t<h3 class=\"m-t0 team-name\"><span class=\"site-text-secondry\">Banari Zina<\/span><\/h3>\n\t\t\t\t\t\t\t\t\t\t\t\t\t\t<span class=\"title-style-2 team-position site-text-primary\">Manager v\u00e2nz\u0103ri<\/span>\n\t\t\t\t\t\t\t\t\t\t\t\t\t<\/div>\n\t\t\t\t\t\t\t\t\t\t\t\t<\/div>\n\t\t\t\t\t\t\t\t\t\t\t<\/div>\n\t\t\t\t\t\t\t\t\t\t<\/div>\n\t\t\t\t\t\t\t\t\t\t\t\t\t\t\t\t\t\t\t\t<div class=\"col-lg-4 col-md-6 col-sm-12 m-b30\">\n\t\t\t\t\t\t\t\t\t\t\t<div class=\"wt-team-1\">\n\t\t\t\t\t\t\t\t\t\t\t\t<div class=\"wt-media\">\n\t\t\t\t\t\t\t\t\t\t\t\t\t<img width=\"500\" height=\"500\" src=\"https:\/\/www.sanin.md\/wp-content\/uploads\/2021\/06\/4klipartz.com-1.png\" class=\"attachment-full size-full wp-post-image\" alt=\"\" loading=\"lazy\" srcset=\"https:\/\/www.sanin.md\/wp-content\/uploads\/2021\/06\/4klipartz.com-1.png 500w, https:\/\/www.sanin.md\/wp-content\/uploads\/2021\/06\/4klipartz.com-1-300x300.png 300w, https:\/\/www.sanin.md\/wp-content\/uploads\/2021\/06\/4klipartz.com-1-150x150.png 150w, https:\/\/www.sanin.md\/wp-content\/uploads\/2021\/06\/4klipartz.com-1-100x100.png 100w\" sizes=\"(max-width: 500px) 100vw, 500px\" \/>\t\t\t\t\t\t\t\t\t\t\t\t\t<div class=\"team-social-center\">\n\t\t\t\t\t\t\t\t\t\t\t\t\t\t<div class=\"team-content-holder\">\n\t\t\t\t\t\t\t\t\t\t\t\t\t\t\t<p class=\"team-small-description\">Coordoneaza si dezvolta activitatea commerciala  (achizitii, vanzari, stocuri, marketing, merchandising) avand ca principal scop  cresterea cifrei de afaceri si a profitului.\r\n\r\n<\/p>\n<!--\t\t\t\t\t\t\t\t\t\t\t\t\t\t\t<ul class=\"team-social-bar\">-->\n<!--\t\t\t\t\t\t\t\t\t\t\t\t\t\t\t\t<li><a href=\"--><!--\"><i class=\"fa fa-facebook\"><\/i><\/a><\/li>-->\n<!--\t\t\t\t\t\t\t\t\t\t\t\t\t\t\t\t<li><a href=\"--><!--\"><i class=\"fa fa-twitter\"><\/i><\/a><\/li>-->\n<!--\t\t\t\t\t\t\t\t\t\t\t\t\t\t\t\t<li><a href=\"--><!--\"><i class=\"fa fa-instagram\"><\/i><\/a><\/li>-->\n<!--\t\t\t\t\t\t\t\t\t\t\t\t\t\t\t\t<li><a href=\"--><!--\"><i class=\"fa fa-linkedin\"><\/i><\/a><\/li>-->\n<!--\t\t\t\t\t\t\t\t\t\t\t\t\t\t\t<\/ul>-->\n\t\t\t\t\t\t\t\t\t\t\t\t\t\t\t\t\t\t\t\t\t\t\t\t\t\t\t\t\t\t<a class=\"team_phone\" href=\"tel:+37368675095\">+373 68 675 095<\/a>\n\t\t\t\t\t\t\t\t\t\t\t\t\t\t<\/div>\n\t\t\t\t\t\t\t\t\t\t\t\t\t<\/div>                                              \n\t\t\t\t\t\t\t\t\t\t\t\t<\/div> \n\t\t\t\t\t\t\t\t\t\t\t\t<div class=\"wt-info p-a30  p-b0\">\n\t\t\t\t\t\t\t\t\t\t\t\t\t<div class=\"team-detail  text-center\">\n\t\t\t\t\t\t\t\t\t\t\t\t\t\t<h3 class=\"m-t0 team-name\"><span class=\"site-text-secondry\">Mart Elena<\/span><\/h3>\n\t\t\t\t\t\t\t\t\t\t\t\t\t\t<span class=\"title-style-2 team-position site-text-primary\">Senior sales officer<\/span>\n\t\t\t\t\t\t\t\t\t\t\t\t\t<\/div>\n\t\t\t\t\t\t\t\t\t\t\t\t<\/div>\n\t\t\t\t\t\t\t\t\t\t\t<\/div>\n\t\t\t\t\t\t\t\t\t\t<\/div>\n\t\t\t\t\t\t\t\t\t\t\t\t\t\t\t\t\t\t\t\t<div class=\"col-lg-4 col-md-6 col-sm-12 m-b30\">\n\t\t\t\t\t\t\t\t\t\t\t<div class=\"wt-team-1\">\n\t\t\t\t\t\t\t\t\t\t\t\t<div class=\"wt-media\">\n\t\t\t\t\t\t\t\t\t\t\t\t\t<img width=\"800\" height=\"800\" src=\"https:\/\/www.sanin.md\/wp-content\/uploads\/2021\/06\/6klipartz.com-1.png\" class=\"attachment-full size-full wp-post-image\" alt=\"\" loading=\"lazy\" srcset=\"https:\/\/www.sanin.md\/wp-content\/uploads\/2021\/06\/6klipartz.com-1.png 800w, https:\/\/www.sanin.md\/wp-content\/uploads\/2021\/06\/6klipartz.com-1-300x300.png 300w, https:\/\/www.sanin.md\/wp-content\/uploads\/2021\/06\/6klipartz.com-1-150x150.png 150w, https:\/\/www.sanin.md\/wp-content\/uploads\/2021\/06\/6klipartz.com-1-768x768.png 768w, https:\/\/www.sanin.md\/wp-content\/uploads\/2021\/06\/6klipartz.com-1-500x500.png 500w, https:\/\/www.sanin.md\/wp-content\/uploads\/2021\/06\/6klipartz.com-1-600x600.png 600w, https:\/\/www.sanin.md\/wp-content\/uploads\/2021\/06\/6klipartz.com-1-100x100.png 100w\" sizes=\"(max-width: 800px) 100vw, 800px\" \/>\t\t\t\t\t\t\t\t\t\t\t\t\t<div class=\"team-social-center\">\n\t\t\t\t\t\t\t\t\t\t\t\t\t\t<div class=\"team-content-holder\">\n\t\t\t\t\t\t\t\t\t\t\t\t\t\t\t<p class=\"team-small-description\">Gestioneaza managementul v\u00e2nz\u0103rilor pentru etichet\u0103 autoadeziv\u0103<\/p>\n<!--\t\t\t\t\t\t\t\t\t\t\t\t\t\t\t<ul class=\"team-social-bar\">-->\n<!--\t\t\t\t\t\t\t\t\t\t\t\t\t\t\t\t<li><a href=\"--><!--\"><i class=\"fa fa-facebook\"><\/i><\/a><\/li>-->\n<!--\t\t\t\t\t\t\t\t\t\t\t\t\t\t\t\t<li><a href=\"--><!--\"><i class=\"fa fa-twitter\"><\/i><\/a><\/li>-->\n<!--\t\t\t\t\t\t\t\t\t\t\t\t\t\t\t\t<li><a href=\"--><!--\"><i class=\"fa fa-instagram\"><\/i><\/a><\/li>-->\n<!--\t\t\t\t\t\t\t\t\t\t\t\t\t\t\t\t<li><a href=\"--><!--\"><i class=\"fa fa-linkedin\"><\/i><\/a><\/li>-->\n<!--\t\t\t\t\t\t\t\t\t\t\t\t\t\t\t<\/ul>-->\n\t\t\t\t\t\t\t\t\t\t\t\t\t\t\t\t\t\t\t\t\t\t\t\t\t\t\t\t\t\t<a class=\"team_phone\" href=\"tel:+37368344209\">+373 68 344 209<\/a>\n\t\t\t\t\t\t\t\t\t\t\t\t\t\t<\/div>\n\t\t\t\t\t\t\t\t\t\t\t\t\t<\/div>                                              \n\t\t\t\t\t\t\t\t\t\t\t\t<\/div> \n\t\t\t\t\t\t\t\t\t\t\t\t<div class=\"wt-info p-a30  p-b0\">\n\t\t\t\t\t\t\t\t\t\t\t\t\t<div class=\"team-detail  text-center\">\n\t\t\t\t\t\t\t\t\t\t\t\t\t\t<h3 class=\"m-t0 team-name\"><span class=\"site-text-secondry\">Kravtsova Yuliia<\/span><\/h3>\n\t\t\t\t\t\t\t\t\t\t\t\t\t\t<span class=\"title-style-2 team-position site-text-primary\">Manager v\u00e2nz\u0103ri<\/span>\n\t\t\t\t\t\t\t\t\t\t\t\t\t<\/div>\n\t\t\t\t\t\t\t\t\t\t\t\t<\/div>\n\t\t\t\t\t\t\t\t\t\t\t<\/div>\n\t\t\t\t\t\t\t\t\t\t<\/div>\n\t\t\t\t\t\t\t\t\t\t\t\t\t\t\t\t\t\t\t\t<div class=\"col-lg-4 col-md-6 col-sm-12 m-b30\">\n\t\t\t\t\t\t\t\t\t\t\t<div class=\"wt-team-1\">\n\t\t\t\t\t\t\t\t\t\t\t\t<div class=\"wt-media\">\n\t\t\t\t\t\t\t\t\t\t\t\t\t<img width=\"800\" height=\"800\" src=\"https:\/\/www.sanin.md\/wp-content\/uploads\/2021\/06\/6klipartz.com-1.png\" class=\"attachment-full size-full wp-post-image\" alt=\"\" loading=\"lazy\" srcset=\"https:\/\/www.sanin.md\/wp-content\/uploads\/2021\/06\/6klipartz.com-1.png 800w, https:\/\/www.sanin.md\/wp-content\/uploads\/2021\/06\/6klipartz.com-1-300x300.png 300w, https:\/\/www.sanin.md\/wp-content\/uploads\/2021\/06\/6klipartz.com-1-150x150.png 150w, https:\/\/www.sanin.md\/wp-content\/uploads\/2021\/06\/6klipartz.com-1-768x768.png 768w, https:\/\/www.sanin.md\/wp-content\/uploads\/2021\/06\/6klipartz.com-1-500x500.png 500w, https:\/\/www.sanin.md\/wp-content\/uploads\/2021\/06\/6klipartz.com-1-600x600.png 600w, https:\/\/www.sanin.md\/wp-content\/uploads\/2021\/06\/6klipartz.com-1-100x100.png 100w\" sizes=\"(max-width: 800px) 100vw, 800px\" \/>\t\t\t\t\t\t\t\t\t\t\t\t\t<div class=\"team-social-center\">\n\t\t\t\t\t\t\t\t\t\t\t\t\t\t<div class=\"team-content-holder\">\n\t\t\t\t\t\t\t\t\t\t\t\t\t\t\t<p class=\"team-small-description\">Responsabila de managementul v\u00e2nz\u0103rilor pungi \u015fi saci din plastic<\/p>\n<!--\t\t\t\t\t\t\t\t\t\t\t\t\t\t\t<ul class=\"team-social-bar\">-->\n<!--\t\t\t\t\t\t\t\t\t\t\t\t\t\t\t\t<li><a href=\"--><!--\"><i class=\"fa fa-facebook\"><\/i><\/a><\/li>-->\n<!--\t\t\t\t\t\t\t\t\t\t\t\t\t\t\t\t<li><a href=\"--><!--\"><i class=\"fa fa-twitter\"><\/i><\/a><\/li>-->\n<!--\t\t\t\t\t\t\t\t\t\t\t\t\t\t\t\t<li><a href=\"--><!--\"><i class=\"fa fa-instagram\"><\/i><\/a><\/li>-->\n<!--\t\t\t\t\t\t\t\t\t\t\t\t\t\t\t\t<li><a href=\"--><!--\"><i class=\"fa fa-linkedin\"><\/i><\/a><\/li>-->\n<!--\t\t\t\t\t\t\t\t\t\t\t\t\t\t\t<\/ul>-->\n\t\t\t\t\t\t\t\t\t\t\t\t\t\t\t\t\t\t\t\t\t\t\t\t\t\t\t\t\t\t<a class=\"team_phone\" href=\"tel:+37360201372\">+373 60 201 372<\/a>\n\t\t\t\t\t\t\t\t\t\t\t\t\t\t<\/div>\n\t\t\t\t\t\t\t\t\t\t\t\t\t<\/div>                                              \n\t\t\t\t\t\t\t\t\t\t\t\t<\/div> \n\t\t\t\t\t\t\t\t\t\t\t\t<div class=\"wt-info p-a30  p-b0\">\n\t\t\t\t\t\t\t\t\t\t\t\t\t<div class=\"team-detail  text-center\">\n\t\t\t\t\t\t\t\t\t\t\t\t\t\t<h3 class=\"m-t0 team-name\"><span class=\"site-text-secondry\">Pastuh Valentina<\/span><\/h3>\n\t\t\t\t\t\t\t\t\t\t\t\t\t\t<span class=\"title-style-2 team-position site-text-primary\">Manager v\u00e2nz\u0103ri<\/span>\n\t\t\t\t\t\t\t\t\t\t\t\t\t<\/div>\n\t\t\t\t\t\t\t\t\t\t\t\t<\/div>\n\t\t\t\t\t\t\t\t\t\t\t<\/div>\n\t\t\t\t\t\t\t\t\t\t<\/div>\n\t\t\t\t\t\t\t\t\t\t\t\t\t\t\t\t\t\t<\/div>\n\t\t\t\t\t\t\t<\/div>  \n\t\t\t\t\t\t<\/div>\n\t\t\t\t\t<\/div>\n\t\t\t\t<\/div>\n\t\t\t\t\t<\/div>\n\t\t\t\t<\/div>\n\t\t\t\t\t\t<\/div>\n\t\t\t\t\t<\/div>\n\t\t<\/div>\n\t\t\t\t\t\t\t\t<\/div>\n\t\t\t\t\t<\/div>\n\t\t<\/section>\n\t\t\t\t\t\t<\/div>\n\t\t\t\t\t\t<\/div>\n\t\t\t\t\t<\/div>\n\t\t","protected":false},"excerpt":{"rendered":"<p>Echipa noastra Ceea ce facem, facem cu pasiune! Responsabil de managementul v\u00e2nz\u0103rilor \u0219i al rela\u021biilor [&hellip;]<\/p>\n","protected":false},"author":1,"featured_media":0,"parent":0,"menu_order":0,"comment_status":"closed","ping_status":"closed","template":"","meta":[],"_links":{"self":[{"href":"https:\/\/www.sanin.md\/ro\/wp-json\/wp\/v2\/pages\/2734"}],"collection":[{"href":"https:\/\/www.sanin.md\/ro\/wp-json\/wp\/v2\/pages"}],"about":[{"href":"https:\/\/www.sanin.md\/ro\/wp-json\/wp\/v2\/types\/page"}],"author":[{"embeddable":true,"href":"https:\/\/www.sanin.md\/ro\/wp-json\/wp\/v2\/users\/1"}],"replies":[{"embeddable":true,"href":"https:\/\/www.sanin.md\/ro\/wp-json\/wp\/v2\/comments?post=2734"}],"version-history":[{"count":6,"href":"https:\/\/www.sanin.md\/ro\/wp-json\/wp\/v2\/pages\/2734\/revisions"}],"predecessor-version":[{"id":5108,"href":"https:\/\/www.sanin.md\/ro\/wp-json\/wp\/v2\/pages\/2734\/revisions\/5108"}],"wp:attachment":[{"href":"https:\/\/www.sanin.md\/ro\/wp-json\/wp\/v2\/media?parent=2734"}],"curies":[{"name":"wp","href":"https:\/\/api.w.org\/{rel}","templated":true}]}}