{"id":4495,"date":"2021-06-16T11:08:34","date_gmt":"2021-06-16T08:08:34","guid":{"rendered":"http:\/\/www.sanin.md\/?page_id=4495"},"modified":"2021-07-01T16:20:48","modified_gmt":"2021-07-01T13:20:48","slug":"angajam","status":"publish","type":"page","link":"https:\/\/www.sanin.md\/ro\/angajam\/","title":{"rendered":"Angaj\u0103m"},"content":{"rendered":"\t\t<div data-elementor-type=\"wp-page\" data-elementor-id=\"4495\" class=\"elementor elementor-4495 elementor-3548\" data-elementor-settings=\"[]\">\n\t\t\t\t\t\t<div class=\"elementor-inner\">\n\t\t\t\t\t\t\t<div class=\"elementor-section-wrap\">\n\t\t\t\t\t\t\t<section class=\"elementor-section elementor-top-section elementor-element elementor-element-74a7214 elementor-section-boxed elementor-section-height-default elementor-section-height-default\" data-id=\"74a7214\" data-element_type=\"section\">\n\t\t\t\t\t\t<div class=\"elementor-container elementor-column-gap-default\">\n\t\t\t\t\t\t\t<div class=\"elementor-row\">\n\t\t\t\t\t<div class=\"elementor-column elementor-col-33 elementor-top-column elementor-element elementor-element-bc0c4ee\" data-id=\"bc0c4ee\" data-element_type=\"column\">\n\t\t\t<div class=\"elementor-column-wrap elementor-element-populated\">\n\t\t\t\t\t\t\t<div class=\"elementor-widget-wrap\">\n\t\t\t\t\t\t<div class=\"elementor-element elementor-element-eff79d8 elementor-invisible elementor-widget elementor-widget-heading\" data-id=\"eff79d8\" data-element_type=\"widget\" data-settings=\"{&quot;_animation&quot;:&quot;fadeInLeft&quot;}\" data-widget_type=\"heading.default\">\n\t\t\t\t<div class=\"elementor-widget-container\">\n\t\t\t<h3 class=\"elementor-heading-title elementor-size-default\">Manager vanzari<\/h3>\t\t<\/div>\n\t\t\t\t<\/div>\n\t\t\t\t<div class=\"elementor-element elementor-element-1a2bad3 elementor-invisible elementor-widget elementor-widget-image\" data-id=\"1a2bad3\" data-element_type=\"widget\" data-settings=\"{&quot;_animation&quot;:&quot;fadeInLeft&quot;}\" data-widget_type=\"image.default\">\n\t\t\t\t<div class=\"elementor-widget-container\">\n\t\t\t\t\t<div class=\"elementor-image\">\n\t\t\t\t\t\t\t\t\t\t<img width=\"510\" height=\"334\" src=\"https:\/\/www.sanin.md\/wp-content\/uploads\/2021\/05\/big_preds.jpg\" class=\"attachment-large size-large\" alt=\"\" loading=\"lazy\" srcset=\"https:\/\/www.sanin.md\/wp-content\/uploads\/2021\/05\/big_preds.jpg 510w, https:\/\/www.sanin.md\/wp-content\/uploads\/2021\/05\/big_preds-300x196.jpg 300w\" sizes=\"(max-width: 510px) 100vw, 510px\" \/>\t\t\t\t\t\t\t\t\t\t\t<\/div>\n\t\t\t\t<\/div>\n\t\t\t\t<\/div>\n\t\t\t\t\t\t<\/div>\n\t\t\t\t\t<\/div>\n\t\t<\/div>\n\t\t\t\t<div class=\"elementor-column elementor-col-33 elementor-top-column elementor-element elementor-element-063d8d9\" data-id=\"063d8d9\" data-element_type=\"column\">\n\t\t\t<div class=\"elementor-column-wrap elementor-element-populated\">\n\t\t\t\t\t\t\t<div class=\"elementor-widget-wrap\">\n\t\t\t\t\t\t<div class=\"elementor-element elementor-element-b22da43 elementor-widget elementor-widget-text-editor\" data-id=\"b22da43\" data-element_type=\"widget\" data-widget_type=\"text-editor.default\">\n\t\t\t\t<div class=\"elementor-widget-container\">\n\t\t\t\t\t<div class=\"elementor-text-editor elementor-clearfix\"><p style=\"text-align: center;\"><span style=\"color: #000000;\"><strong>Beneficii:<\/strong><\/span><\/p><ul><li><span style=\"color: #000000;\">Salariu atractiv<\/span><\/li><li><span style=\"color: #000000;\">Program de lucru luni-vineri (<\/span><span style=\"color: #000000;\">8:30-17:00)<\/span><\/li><li><span style=\"color: #000000;\">Pachet social complet<\/span><\/li><li><span style=\"color: #000000;\">Pachet de salarizare atractiv format din salariu fix si comisioane din vanzari<\/span><\/li><li><span style=\"color: #000000;\">Telefonia mobila si internet<\/span><\/li><li><span style=\"color: #000000;\">Oportunitatea dezvoltarii unei cariere de succes\u00a0<\/span><\/li><li><span style=\"color: #000000;\">Training-uri asigurate\u00a0<\/span><\/li><\/ul><p style=\"text-align: center;\"><span style=\"color: #000000;\"><strong>Descrierea jobului<\/strong><\/span><span style=\"color: #000000;\"><strong>:<\/strong><\/span><\/p><ul><li><span style=\"color: #000000;\">Elaborarea \u0219i implimentarea planurilor de ac\u021biune \u00een vederea cre\u0219terii v\u00e2nz\u0103rilor \u0219i urm\u0103rirea rezultatelor\u00a0<\/span><\/li><li><span style=\"color: #000000;\">Identificarea clientilor noi si oportunit\u0103\u021bi de cre\u0219tere a business-ului<\/span><\/li><li><span style=\"color: #000000;\">Men\u021binerea \u0219i imbun\u0103ta\u021birea rela\u021biilor cu clien\u021bii existen\u021bi<\/span><\/li><li><span style=\"color: #000000;\">Vizite la partnerii existen\u021bi \u0219i potentiali pe tot teritoriul \u021b\u0103rii<\/span><\/li><li><span style=\"color: #000000;\">Raportarea periodic\u0103 privind situa\u021bia pie\u021bei, concuren\u021bilor \u0219i clien\u021bilor<\/span><\/li><\/ul><p style=\"text-align: center;\"><span style=\"color: #000000;\"><strong>Cerinte:<\/strong><\/span><\/p><ul><li><span style=\"color: #000000;\">Studii superioare<\/span><\/li><li><span style=\"color: #000000;\">Persoan\u0103 proactiv\u0103, dinamic\u0103, hands-on care are capacitatea de a lucra \u00eentr-un mediu antreprenorial.<\/span><\/li><li><span style=\"color: #000000;\">Experien\u021b\u0103 \u00een v\u00e2nz\u0103ri minim. 2 ani\u00a0<\/span><\/li><li><span style=\"color: #000000;\">Office :\u00a0 PowerPoint, CRM &#8211; 1C &amp; Excel, (bine)<\/span><\/li><li><span style=\"color: #000000;\">Abilitati excelente de comunicare , prezentare, negociere si persuasiune;\u00a0<\/span><\/li><li><span style=\"color: #000000;\">Fluent \u00een limba Rom\u00e2n\u0103 \u0219i Rus\u0103.<\/span><\/li><li><span style=\"color: #000000;\">Aptitudini de planificare, organizare, punctualitate, determinare<\/span><\/li><\/ul><p style=\"text-align: center;\">Daca crezi ca aceasta oportunitate este potrivita pentru tine, te rugam sa trimiti CV-ul tau ,in limba rusa, pe adresa:<strong> <span style=\"color: #000000;\"><a style=\"color: #000000; text-decoration: underline;\" href=\"mailto:hr@sanin.md\">hr@sanin.md<\/a><\/span><\/strong><\/p><\/div>\n\t\t\t\t<\/div>\n\t\t\t\t<\/div>\n\t\t\t\t\t\t<\/div>\n\t\t\t\t\t<\/div>\n\t\t<\/div>\n\t\t\t\t<div class=\"elementor-column elementor-col-33 elementor-top-column elementor-element elementor-element-2f46e72\" data-id=\"2f46e72\" data-element_type=\"column\">\n\t\t\t<div class=\"elementor-column-wrap elementor-element-populated\">\n\t\t\t\t\t\t\t<div class=\"elementor-widget-wrap\">\n\t\t\t\t\t\t<div class=\"elementor-element elementor-element-19392f7 elementor-invisible elementor-widget elementor-widget-text-editor\" data-id=\"19392f7\" data-element_type=\"widget\" data-settings=\"{&quot;_animation&quot;:&quot;fadeInRight&quot;}\" data-widget_type=\"text-editor.default\">\n\t\t\t\t<div class=\"elementor-widget-container\">\n\t\t\t\t\t<div class=\"elementor-text-editor elementor-clearfix\"><div class=\"vip-vacancy-summary__line city_ico uk-margin-bottom\"><div class=\"vip-vacancy-summary__col\" style=\"text-align: center;\"><span style=\"color: #000000;\"><strong>Ora\u0219 de lucru:<\/strong><\/span><\/div><div class=\"vip-vacancy-summary__col\" style=\"text-align: center;\"><span style=\"color: #000000;\">Chisinau<\/span><\/div><\/div><div class=\"vip-vacancy-summary__line education_ico uk-margin-bottom\" style=\"text-align: center;\"><div>\u00a0<\/div><div class=\"vip-vacancy-summary__col\"><strong><span style=\"color: #000000;\">Nivel studii:<\/span><\/strong><\/div><div class=\"vip-vacancy-summary__col\"><span style=\"color: #000000;\">Studii superioare<\/span><\/div><\/div><div class=\"vip-vacancy-summary__line expirience_ico uk-margin-bottom\" style=\"text-align: center;\"><div>\u00a0<\/div><div class=\"vip-vacancy-summary__col\"><strong><span style=\"color: #000000;\">Nivel carier\u0103:<\/span><\/strong><\/div><div class=\"vip-vacancy-summary__col\"><span style=\"color: #000000;\">2-5 ani<\/span><\/div><\/div><div class=\"vip-vacancy-summary__line salary_ico uk-margin-bottom\" style=\"text-align: center;\"><div>\u00a0<\/div><div class=\"vip-vacancy-summary__col\"><strong><span style=\"color: #000000;\">Salariu net:<\/span><\/strong><\/div><div class=\"vip-vacancy-summary__col\"><span style=\"color: #000000;\">Motivant<\/span><\/div><\/div><div class=\"vip-vacancy-summary__line shedule_ico uk-margin-bottom\" style=\"text-align: center;\"><div>\u00a0<\/div><div class=\"vip-vacancy-summary__col\"><strong><span style=\"color: #000000;\">Tip job:<\/span><\/strong><\/div><div class=\"vip-vacancy-summary__col\"><span style=\"color: #000000;\">Full time<\/span><\/div><\/div><div class=\"vip-vacancy-summary__line phone_ico uk-margin-bottom\" style=\"text-align: center;\"><div>\u00a0<\/div><div class=\"vip-vacancy-summary__col\"><strong><span style=\"color: #000000;\">\u0422elefon:<\/span><\/strong><\/div><div class=\"vip-vacancy-summary__col\"><div><span style=\"color: #000000;\"><a style=\"color: #000000;\" href=\"tel:022 855 315\">+373 22 85 53 15<\/a><\/span><\/div><div><span style=\"color: #000000;\"><a style=\"color: #000000;\" href=\"tel:060201360\">+373 60 20 13 60<\/a><\/span><\/div><\/div><\/div><div class=\"vip-vacancy-summary__line email_ico\"><div>\u00a0<\/div><div class=\"vip-vacancy-summary__col\" style=\"text-align: center;\"><strong><span style=\"color: #000000;\">E-mail:<\/span><\/strong><\/div><div class=\"vip-vacancy-summary__col\"><div style=\"text-align: center;\"><span style=\"color: #000000;\"><a style=\"color: #000000;\" href=\"mailto:hr@sanin.md\">hr@sanin.md<\/a><\/span><\/div><div>\u00a0<\/div><\/div><\/div><\/div>\n\t\t\t\t<\/div>\n\t\t\t\t<\/div>\n\t\t\t\t\t\t<\/div>\n\t\t\t\t\t<\/div>\n\t\t<\/div>\n\t\t\t\t\t\t\t\t<\/div>\n\t\t\t\t\t<\/div>\n\t\t<\/section>\n\t\t\t\t<section class=\"elementor-section elementor-top-section elementor-element elementor-element-c9300bc elementor-section-boxed elementor-section-height-default elementor-section-height-default\" data-id=\"c9300bc\" data-element_type=\"section\">\n\t\t\t\t\t\t<div class=\"elementor-container elementor-column-gap-default\">\n\t\t\t\t\t\t\t<div class=\"elementor-row\">\n\t\t\t\t\t<div class=\"elementor-column elementor-col-33 elementor-top-column elementor-element elementor-element-067a478\" data-id=\"067a478\" data-element_type=\"column\">\n\t\t\t<div class=\"elementor-column-wrap elementor-element-populated\">\n\t\t\t\t\t\t\t<div class=\"elementor-widget-wrap\">\n\t\t\t\t\t\t<div class=\"elementor-element elementor-element-27b3022 elementor-invisible elementor-widget elementor-widget-heading\" data-id=\"27b3022\" data-element_type=\"widget\" data-settings=\"{&quot;_animation&quot;:&quot;fadeInLeft&quot;}\" data-widget_type=\"heading.default\">\n\t\t\t\t<div class=\"elementor-widget-container\">\n\t\t\t<h3 class=\"elementor-heading-title elementor-size-default\">Controlor Calitate <\/h3>\t\t<\/div>\n\t\t\t\t<\/div>\n\t\t\t\t<div class=\"elementor-element elementor-element-bf9a4d0 elementor-invisible elementor-widget elementor-widget-image\" data-id=\"bf9a4d0\" data-element_type=\"widget\" data-settings=\"{&quot;_animation&quot;:&quot;fadeInLeft&quot;}\" data-widget_type=\"image.default\">\n\t\t\t\t<div class=\"elementor-widget-container\">\n\t\t\t\t\t<div class=\"elementor-image\">\n\t\t\t\t\t\t\t\t\t\t<img width=\"313\" height=\"305\" src=\"https:\/\/www.sanin.md\/wp-content\/uploads\/2021\/06\/cu-toata-atentia1.jpg\" class=\"attachment-large size-large\" alt=\"\" loading=\"lazy\" srcset=\"https:\/\/www.sanin.md\/wp-content\/uploads\/2021\/06\/cu-toata-atentia1.jpg 313w, https:\/\/www.sanin.md\/wp-content\/uploads\/2021\/06\/cu-toata-atentia1-300x292.jpg 300w\" sizes=\"(max-width: 313px) 100vw, 313px\" \/>\t\t\t\t\t\t\t\t\t\t\t<\/div>\n\t\t\t\t<\/div>\n\t\t\t\t<\/div>\n\t\t\t\t\t\t<\/div>\n\t\t\t\t\t<\/div>\n\t\t<\/div>\n\t\t\t\t<div class=\"elementor-column elementor-col-33 elementor-top-column elementor-element elementor-element-6d91214\" data-id=\"6d91214\" data-element_type=\"column\">\n\t\t\t<div class=\"elementor-column-wrap elementor-element-populated\">\n\t\t\t\t\t\t\t<div class=\"elementor-widget-wrap\">\n\t\t\t\t\t\t<div class=\"elementor-element elementor-element-57be00c elementor-widget elementor-widget-text-editor\" data-id=\"57be00c\" data-element_type=\"widget\" data-widget_type=\"text-editor.default\">\n\t\t\t\t<div class=\"elementor-widget-container\">\n\t\t\t\t\t<div class=\"elementor-text-editor elementor-clearfix\"><p style=\"text-align: center;\"><span style=\"color: #000000;\"><strong>Descrierea jobului:<\/strong><\/span><br \/><br \/><\/p><ul style=\"text-align: center;\"><li style=\"text-align: left;\"><span style=\"color: #000000;\">Inregistrarea abateriilor specifice comenziilor<\/span><\/li><li style=\"text-align: left;\"><span style=\"color: #000000;\">\u00a0 Verificarea calitatii componentelor\/pieselor<\/span><\/li><li style=\"text-align: left;\"><span style=\"color: #000000;\">Raportarea incidentelor semnificative din cadrul procesului de productie<\/span><\/li><li style=\"text-align: left;\"><span style=\"color: #000000;\">Intocmirea documentatiei specifice activitatii<\/span><\/li><li style=\"text-align: left;\"><span style=\"color: #000000;\">Controlarea cantitativa faptica sa corespunda cu documentele scriptice<\/span><\/li><\/ul><p style=\"text-align: left;\"><span style=\"color: #000000;\"><strong>Criterii obligatorii:<\/strong><\/span><br \/><span style=\"color: #000000;\">\u2022\u00a0 Experienta in lucrul cu documente: desene de executie, rapoarte de masuratori, certificate de inspectie, etc;<\/span><br \/><span style=\"color: #000000;\">\u2022\u00a0 Capacitate de organizare si de a lucra in echipa;<\/span><br \/><span style=\"color: #000000;\">\u2022 Absolvent de studii tehnice<\/span><br \/><span style=\"color: #000000;\">\u2022\u00a0 Atentie distributiva, spirit de observatie, atentie la detalii;<\/span><br \/><span style=\"color: #000000;\">\u2022 Nivel ridicat de responsabilitate<\/span><br \/><span style=\"color: #000000;\">\u2022 Rezisten\u021ba la stres \u00een situa\u021bii conflictuale;<\/span><\/p><p style=\"text-align: center;\"><span style=\"color: #000000;\"><strong>Avantaj:<\/strong><\/span><\/p><ul style=\"text-align: center;\"><li style=\"text-align: left;\"><span style=\"color: #000000;\">Experienta anterioara pe o pozitie similara in domeniul controlului calitatii constituie un avantaj\u00a0<\/span><\/li><\/ul><p style=\"text-align: center;\"><span style=\"color: #000000;\">Daca crezi ca aceasta oportunitate este potrivita pentru tine, te rugam sa trimiti CV-ul tau ,in limba rusa, pe adresa:<strong> <a style=\"color: #000000; text-decoration: underline;\" href=\"mailto:hr@sanin.md\">hr@sanin.md<\/a><\/strong><\/span><\/p><\/div>\n\t\t\t\t<\/div>\n\t\t\t\t<\/div>\n\t\t\t\t\t\t<\/div>\n\t\t\t\t\t<\/div>\n\t\t<\/div>\n\t\t\t\t<div class=\"elementor-column elementor-col-33 elementor-top-column elementor-element elementor-element-5b61986\" data-id=\"5b61986\" data-element_type=\"column\">\n\t\t\t<div class=\"elementor-column-wrap elementor-element-populated\">\n\t\t\t\t\t\t\t<div class=\"elementor-widget-wrap\">\n\t\t\t\t\t\t<div class=\"elementor-element elementor-element-3f2c9ac elementor-invisible elementor-widget elementor-widget-text-editor\" data-id=\"3f2c9ac\" data-element_type=\"widget\" data-settings=\"{&quot;_animation&quot;:&quot;fadeInRight&quot;}\" data-widget_type=\"text-editor.default\">\n\t\t\t\t<div class=\"elementor-widget-container\">\n\t\t\t\t\t<div class=\"elementor-text-editor elementor-clearfix\"><div class=\"vip-vacancy-summary__line city_ico uk-margin-bottom\"><div class=\"vip-vacancy-summary__col\" style=\"text-align: center;\"><div class=\"vip-vacancy-summary__col\" style=\"text-align: center;\"><span style=\"color: #000000;\"><strong>Ora\u0219 de lucru:<\/strong><\/span><\/div><div class=\"vip-vacancy-summary__col\" style=\"text-align: center;\"><span style=\"color: #000000;\">Chisinau<\/span><\/div><\/div><\/div><div class=\"vip-vacancy-summary__line education_ico uk-margin-bottom\" style=\"text-align: center;\"><div>\u00a0<\/div><div class=\"vip-vacancy-summary__col\"><div class=\"vip-vacancy-summary__line education_ico uk-margin-bottom\" style=\"text-align: center;\"><div class=\"vip-vacancy-summary__col\"><strong><span style=\"color: #000000;\">Nivel studii:<\/span><\/strong><\/div><div class=\"vip-vacancy-summary__col\"><span style=\"color: #000000;\">Studii superioare<\/span><\/div><\/div><div class=\"vip-vacancy-summary__line expirience_ico uk-margin-bottom\" style=\"text-align: center;\"><div>\u00a0<\/div><\/div><\/div><\/div><div class=\"vip-vacancy-summary__line expirience_ico uk-margin-bottom\" style=\"text-align: center;\"><div><div class=\"vip-vacancy-summary__col\"><strong><span style=\"color: #000000;\">Nivel carier\u0103:<\/span><\/strong><\/div><div class=\"vip-vacancy-summary__col\"><span style=\"color: #000000;\">experienta in domeniu<\/span><\/div><\/div><\/div><div class=\"vip-vacancy-summary__line salary_ico uk-margin-bottom\" style=\"text-align: center;\"><div><div>\u00a0<\/div><div class=\"vip-vacancy-summary__col\"><strong><span style=\"color: #000000;\">Salariu net:<\/span><\/strong><\/div><div class=\"vip-vacancy-summary__col\"><span style=\"color: #000000;\">Negociabil<\/span><\/div><\/div><div class=\"vip-vacancy-summary__col\">\u00a0<\/div><\/div><div class=\"vip-vacancy-summary__line shedule_ico uk-margin-bottom\" style=\"text-align: center;\"><div><div class=\"vip-vacancy-summary__col\"><strong><span style=\"color: #000000;\">Tip job:<\/span><\/strong><\/div><div class=\"vip-vacancy-summary__col\"><span style=\"color: #000000;\">Full time<\/span><\/div><\/div><div class=\"vip-vacancy-summary__col\">\u00a0<\/div><\/div><div class=\"vip-vacancy-summary__line phone_ico uk-margin-bottom\" style=\"text-align: center;\"><div class=\"vip-vacancy-summary__col\"><span style=\"color: #000000;\"><strong>Telefon:<\/strong><\/span><\/div><div class=\"vip-vacancy-summary__col\"><div><span style=\"color: #000000;\"><a style=\"color: #000000;\" href=\"tel:022 742261\">022 742261<\/a><\/span><\/div><\/div><\/div><div class=\"vip-vacancy-summary__line email_ico\"><div>\u00a0<\/div><div class=\"vip-vacancy-summary__col\" style=\"text-align: center;\"><span style=\"color: #000000;\"><strong>E-mail:<\/strong><\/span><\/div><div class=\"vip-vacancy-summary__col\"><div style=\"text-align: center;\"><span style=\"color: #000000;\"><a style=\"color: #000000;\" href=\"mailto:hr@sanin.md\">hr@sanin.md<\/a><\/span><\/div><\/div><\/div><\/div>\n\t\t\t\t<\/div>\n\t\t\t\t<\/div>\n\t\t\t\t\t\t<\/div>\n\t\t\t\t\t<\/div>\n\t\t<\/div>\n\t\t\t\t\t\t\t\t<\/div>\n\t\t\t\t\t<\/div>\n\t\t<\/section>\n\t\t\t\t\t\t<\/div>\n\t\t\t\t\t\t<\/div>\n\t\t\t\t\t<\/div>\n\t\t","protected":false},"excerpt":{"rendered":"<p>Manager vanzari Beneficii: Salariu atractiv Program de lucru luni-vineri (8:30-17:00) Pachet social complet Pachet de [&hellip;]<\/p>\n","protected":false},"author":1,"featured_media":0,"parent":0,"menu_order":0,"comment_status":"closed","ping_status":"closed","template":"","meta":[],"_links":{"self":[{"href":"https:\/\/www.sanin.md\/ro\/wp-json\/wp\/v2\/pages\/4495"}],"collection":[{"href":"https:\/\/www.sanin.md\/ro\/wp-json\/wp\/v2\/pages"}],"about":[{"href":"https:\/\/www.sanin.md\/ro\/wp-json\/wp\/v2\/types\/page"}],"author":[{"embeddable":true,"href":"https:\/\/www.sanin.md\/ro\/wp-json\/wp\/v2\/users\/1"}],"replies":[{"embeddable":true,"href":"https:\/\/www.sanin.md\/ro\/wp-json\/wp\/v2\/comments?post=4495"}],"version-history":[{"count":62,"href":"https:\/\/www.sanin.md\/ro\/wp-json\/wp\/v2\/pages\/4495\/revisions"}],"predecessor-version":[{"id":5717,"href":"https:\/\/www.sanin.md\/ro\/wp-json\/wp\/v2\/pages\/4495\/revisions\/5717"}],"wp:attachment":[{"href":"https:\/\/www.sanin.md\/ro\/wp-json\/wp\/v2\/media?parent=4495"}],"curies":[{"name":"wp","href":"https:\/\/api.w.org\/{rel}","templated":true}]}}